{"id":159,"date":"2023-03-03T08:45:18","date_gmt":"2023-03-03T11:45:18","guid":{"rendered":"https:\/\/site.ifes.edu.br\/cmvv\/?page_id=159"},"modified":"2026-04-06T14:12:29","modified_gmt":"2026-04-06T17:12:29","slug":"doutorado","status":"publish","type":"page","link":"https:\/\/site.ifes.edu.br\/cmvv\/doutorado\/","title":{"rendered":"Doutorado"},"content":{"rendered":"\r\n\r\n\r\n<p><strong>Me. Alan Reinke Pereira<\/strong><\/p>\r\n<p><img decoding=\"async\" class=\"wp-image-694 size-thumbnail alignleft\" src=\"https:\/\/site.ifes.edu.br\/cmvv\/wp-content\/uploads\/sites\/19\/2024\/05\/Alan-150x150.png\" alt=\"\" width=\"150\" height=\"150\" srcset=\"https:\/\/site.ifes.edu.br\/cmvv\/wp-content\/uploads\/sites\/19\/2024\/05\/Alan-150x150.png 150w, https:\/\/site.ifes.edu.br\/cmvv\/wp-content\/uploads\/sites\/19\/2024\/05\/Alan-100x100.png 100w\" sizes=\"(max-width: 150px) 100vw, 150px\" \/><\/p>\r\n<p style=\"text-align: justify\">Graduado em Qu\u00edmica (Licenciatura e Bacharelado com Atribui\u00e7\u00f5es Tecnol\u00f3gicas) pelo Centro Universit\u00e1rio FAESA (2016) e Mestre em Qu\u00edmica pela Universidade Federal do Esp\u00edrito Santo (2023), onde se dedicou \u00e0 s\u00edntese de naftoquinonas substitu\u00eddas com potencial aplica\u00e7\u00e3o em sistemas eletroqu\u00edmicos. Atualmente \u00e9 Doutorando pela Universidade Federal do Esp\u00edrito Santo, explorando a \u00e1rea forense com o desenvolvimento de metodologias para o isolamento de canabinoides de diversas matrizes, utilizando t\u00e9cnicas como cromatografia l\u00edquida flash, cromatografia l\u00edquida de alta efici\u00eancia (HPLC), cromatografia a g\u00e1s acoplada \u00e0 espectrometria de massas (GC-MS) e cromatografia l\u00edquida acoplada \u00e0 espectrometria de massas de alta resolu\u00e7\u00e3o (LC-HRMS).<\/p>\r\n<p><a href=\"http:\/\/lattes.cnpq.br\/3854601600492833\" target=\"_blank\" rel=\"noopener\">Curr\u00edculo lattes<\/a><\/p>\r\n<p><a href=\"https:\/\/www.linkedin.com\/in\/alan-reinke-pereira-50a599283\/\" target=\"_blank\" rel=\"noopener\">LinkedIn<\/a><\/p>\r\n<p>&nbsp;<\/p>\r\n<p><strong>Me. Fabricio Rodrigues Pereira<\/strong><\/p>\r\n<p style=\"text-align: justify\"><img decoding=\"async\" class=\"alignleft wp-image-1321 size-thumbnail\" src=\"https:\/\/site.ifes.edu.br\/cmvv\/wp-content\/uploads\/sites\/19\/2024\/11\/servletrecuperafoto-1-150x150.jpg\" alt=\"\" width=\"150\" height=\"150\" srcset=\"https:\/\/site.ifes.edu.br\/cmvv\/wp-content\/uploads\/sites\/19\/2024\/11\/servletrecuperafoto-1-150x150.jpg 150w, https:\/\/site.ifes.edu.br\/cmvv\/wp-content\/uploads\/sites\/19\/2024\/11\/servletrecuperafoto-1-100x100.jpg 100w\" sizes=\"(max-width: 150px) 100vw, 150px\" \/>Doutorando em Qu\u00edmica pela Universidade Federal do Esp\u00edrito Santo (UFES), Mestre em Qu\u00edmica pelo Instituto Federal do Esp\u00edrito Santo (IFES), P\u00f3s graduado Latu-sensu em Engenharia de Produ\u00e7\u00e3o, Bacharel em Qu\u00edmica com atribui\u00e7\u00f5es tecnol\u00f3gicas e Licenciatura Plena em Qu\u00edmica pela Faculdade Esp\u00edrito Santense. Atualmente \u00e9 Professor de Qu\u00edmica na rede p\u00fablica estadual do Esp\u00edrito Santo SEDU\/ES e na rede de ensino privada. Tem experi\u00eancia na \u00e1rea de Qu\u00edmica Industrial, com \u00eanfase em Tintas, Supervis\u00e3o de Laborat\u00f3rio Industrial e Auditor ISO 9001 e ISO 14000.<\/p>\r\n<p><a href=\"http:\/\/lattes.cnpq.br\/4845399625801868\" target=\"_blank\" rel=\"noopener\">Curr\u00edculo Lattes<\/a><\/p>\r\n<p>&nbsp;<\/p>\r\n<p><strong>Me. Francisco Manente Gomes<\/strong><\/p>\r\n<p>\r\n\r\n\r\n\r\n<\/p>\r\n<p><img decoding=\"async\" class=\"wp-image-1890 size-thumbnail alignleft\" src=\"https:\/\/site.ifes.edu.br\/cmvv\/wp-content\/uploads\/sites\/19\/2025\/08\/francisco-150x150.jpg\" alt=\"\" width=\"150\" height=\"150\" srcset=\"https:\/\/site.ifes.edu.br\/cmvv\/wp-content\/uploads\/sites\/19\/2025\/08\/francisco-150x150.jpg 150w, https:\/\/site.ifes.edu.br\/cmvv\/wp-content\/uploads\/sites\/19\/2025\/08\/francisco-298x300.jpg 298w, https:\/\/site.ifes.edu.br\/cmvv\/wp-content\/uploads\/sites\/19\/2025\/08\/francisco-1016x1024.jpg 1016w, https:\/\/site.ifes.edu.br\/cmvv\/wp-content\/uploads\/sites\/19\/2025\/08\/francisco-768x774.jpg 768w, https:\/\/site.ifes.edu.br\/cmvv\/wp-content\/uploads\/sites\/19\/2025\/08\/francisco-100x100.jpg 100w, https:\/\/site.ifes.edu.br\/cmvv\/wp-content\/uploads\/sites\/19\/2025\/08\/francisco.jpg 1080w\" sizes=\"(max-width: 150px) 100vw, 150px\" \/><\/p>\r\n<p style=\"text-align: justify\">Possui gradua\u00e7\u00e3o em Farm\u00e1cia pela Faculdade Brasileira UNIVIX (2008). Obteve seu Mestrado em Qu\u00edmica pela Universidade Federal do Esp\u00edrito Santo (UFES) em 2023. Desde 2014 \u00e9 Perito Oficial Criminal da Pol\u00edcia Civil do Estado do Esp\u00edrito Santo, atuando na Se\u00e7\u00e3o de Crimes Contra Pessoa &#8211; Per\u00edcia Externa, Local de Crime.<\/p>\r\n<p>\r\n\r\n<\/p>\r\n<p><a href=\"http:\/\/lattes.cnpq.br\/2931557574096410\" target=\"_blank\" rel=\"noopener\">Curr\u00edculo lattes<\/a><\/p>\r\n<p>&nbsp;<\/p>\r\n<p><strong>Me. Jandira Maria de Oliveira Bone Brand\u00e3o<\/strong><\/p>\r\n<p><img loading=\"lazy\" decoding=\"async\" class=\"alignleft wp-image-1319 size-thumbnail\" src=\"https:\/\/site.ifes.edu.br\/cmvv\/wp-content\/uploads\/sites\/19\/2024\/11\/servletrecuperafoto-150x150.jpg\" alt=\"\" width=\"150\" height=\"150\" srcset=\"https:\/\/site.ifes.edu.br\/cmvv\/wp-content\/uploads\/sites\/19\/2024\/11\/servletrecuperafoto-150x150.jpg 150w, https:\/\/site.ifes.edu.br\/cmvv\/wp-content\/uploads\/sites\/19\/2024\/11\/servletrecuperafoto-100x100.jpg 100w\" sizes=\"(max-width: 150px) 100vw, 150px\" \/><\/p>\r\n<p style=\"text-align: justify\">Possui gradua\u00e7\u00e3o em Farm\u00e1cia pela Universidade Federal do Esp\u00edrito Santo (2000), especializa\u00e7\u00e3o em Homeopatia pelo Instituto Hahnemanniano do Brasil (2001), especializa\u00e7\u00e3o em Sa\u00fade P\u00fablica pela Faculdade Est\u00e1cio de S\u00e1 de Vit\u00f3ria (2005), Mestrado em Qu\u00edmica pela Universidade Federal do Esp\u00edrito Santo (2015), e especializa\u00e7\u00e3o em Documentoscopia pela Academia Nacional de Pol\u00edcia da Pol\u00edcia Federal (2023). \u00c9 Perita Oficial Criminal da Pol\u00edcia Civil do Estado do Esp\u00edrito Santo desde 2007, com experi\u00eancia em diversas \u00e1reas da per\u00edcia, como a Bal\u00edstica Forense, Locais de Crimes Contra a Vida e Locais de Crimes Contra o Patrim\u00f4nio. Atua desde 2014 na \u00e1rea de Documentoscopia Forense, tanto na \u00e1rea criminal quanto na \u00e1rea c\u00edvel. \u00c9 professora dos cursos de forma\u00e7\u00e3o de policiais da Academia de Pol\u00edcia Civil do ES (ACADEPOL) desde 2015. Atualmente \u00e9 discente do curso de doutorado em Qu\u00edmica da Universidade Federal do Esp\u00edrito Santo.<\/p>\r\n<p><a href=\"http:\/\/lattes.cnpq.br\/6489984213272612\" target=\"_blank\" rel=\"noopener\">Curr\u00edculo Lattes<\/a><\/p>\r\n<p>&nbsp;<\/p>\r\n<p><strong>Me.<\/strong> <strong>Jo\u00e3o Victor Mac\u00eado de Almeida<\/strong><\/p>\r\n<p style=\"text-align: justify\"><img loading=\"lazy\" decoding=\"async\" class=\"alignleft wp-image-1889 size-thumbnail\" src=\"https:\/\/site.ifes.edu.br\/cmvv\/wp-content\/uploads\/sites\/19\/2025\/08\/Joao-Victor-150x150.jpg\" alt=\"\" width=\"150\" height=\"150\" srcset=\"https:\/\/site.ifes.edu.br\/cmvv\/wp-content\/uploads\/sites\/19\/2025\/08\/Joao-Victor-150x150.jpg 150w, https:\/\/site.ifes.edu.br\/cmvv\/wp-content\/uploads\/sites\/19\/2025\/08\/Joao-Victor-100x100.jpg 100w\" sizes=\"(max-width: 150px) 100vw, 150px\" \/>Formado no curso de gradua\u00e7\u00e3o em Qu\u00edmica Forense pela Universidade Federal de Pelotas (UFPEL) e atualmente aluno de mestrado em qu\u00edmica na UFES. Possui experi\u00eancia na \u00e1rea de qu\u00edmica com \u00eanfase em ci\u00eancias ambientais, ci\u00eancias forenses, papiloscopia e qu\u00edmica forense.<\/p>\r\n<p><a href=\"http:\/\/lattes.cnpq.br\/936388206658619898\" target=\"_blank\" rel=\"noopener\">Curr\u00edculo lattes<\/a><\/p>\r\n<p>&nbsp;<\/p>\r\n<p><strong>Me. Lays Rafalscky<\/strong><\/p>\r\n<p><img loading=\"lazy\" decoding=\"async\" class=\"wp-image-1139 size-thumbnail alignleft\" src=\"https:\/\/site.ifes.edu.br\/cmvv\/wp-content\/uploads\/sites\/19\/2024\/10\/Lays-150x150.jpg\" alt=\"\" width=\"150\" height=\"150\" srcset=\"https:\/\/site.ifes.edu.br\/cmvv\/wp-content\/uploads\/sites\/19\/2024\/10\/Lays-150x150.jpg 150w, https:\/\/site.ifes.edu.br\/cmvv\/wp-content\/uploads\/sites\/19\/2024\/10\/Lays-100x100.jpg 100w\" sizes=\"(max-width: 150px) 100vw, 150px\" \/><\/p>\r\n<p style=\"text-align: justify\">Doutoranda em Qu\u00edmica pelo Programa de P\u00f3s-Gradua\u00e7\u00e3o em Qu\u00edmica da Universidade Federal do Esp\u00edrito Santo (UFES). Mestre em Engenharia Ambiental pela UFES (2024), licenciada e t\u00e9cnica em Qu\u00edmica pelo Instituto Federal do Esp\u00edrito Santo (IFES). Durante o mestrado, desenvolveu pesquisa focada em adsor\u00e7\u00e3o competitiva para remo\u00e7\u00e3o de contaminantes emergentes em tratamentos de \u00e1gua. Possui experi\u00eancia profissional no setor de laborat\u00f3rio, adquirida na Quimiplan An\u00e1lises e Consultoria, onde atuou com t\u00e9cnicas como ICP-OES, HPLC-UV e HPLC-MS. Na gradua\u00e7\u00e3o, participou do programa Resid\u00eancia Pedag\u00f3gica, aprimorando sua did\u00e1tica em escolas p\u00fablicas, e foi bolsista FAPES no P\u00cdBIC-JR, onde orientou alunos do ensino m\u00e9dio no desenvolvimento de produtos fitoter\u00e1picos com t\u00e9cnicas de extra\u00e7\u00e3o e nanoemuls\u00f5es. Concluiu a gradua\u00e7\u00e3o com uma monografia baseada na Ecopedagogia e na teoria da problematiza\u00e7\u00e3o aplicada ao ensino de gases. Atualmente, o desenvolvimento do doutorado est\u00e1 direcionado para pesquisa em isolamento e caracteriza\u00e7\u00e3o qu\u00edmica de \u00e1cidos de alto peso molecular (ARN) presentes em petr\u00f3leo e dep\u00f3sitos naft\u00eanicos, utilizando cromatografia FLASH e espectrometria de massas de alta resolu\u00e7\u00e3o.<\/p>\r\n<p><a href=\"http:\/\/lattes.cnpq.br\/8247221440893433\" target=\"_blank\" rel=\"noopener\">Curr\u00edculo lattes<\/a><\/p>\r\n<p>&nbsp;<\/p>\r\n<p><strong>Me. Luciara Costa de Souza<\/strong><\/p>\r\n<p style=\"text-align: justify\"><img loading=\"lazy\" decoding=\"async\" class=\"alignleft wp-image-1888 size-thumbnail\" src=\"https:\/\/site.ifes.edu.br\/cmvv\/wp-content\/uploads\/sites\/19\/2025\/08\/luciara-150x150.jpg\" alt=\"\" width=\"150\" height=\"150\" srcset=\"https:\/\/site.ifes.edu.br\/cmvv\/wp-content\/uploads\/sites\/19\/2025\/08\/luciara-150x150.jpg 150w, https:\/\/site.ifes.edu.br\/cmvv\/wp-content\/uploads\/sites\/19\/2025\/08\/luciara-100x100.jpg 100w\" sizes=\"(max-width: 150px) 100vw, 150px\" \/>Graduada em Licenciatura em Qu\u00edmica pela Universidade Federal do Esp\u00edrito Santo (UFES), do campus de S\u00e3o Mateus- ES (2022), Mestre em Qu\u00edmica , na \u00e1rea de Qu\u00edmica Anal\u00edtica com foco em estudo do petr\u00f3leo pela Universidade Federal do Espirito Santo (UFES) campus Goiabeiras- ES (2025) . Tem experi\u00eancia na \u00e1rea de ensino de Qu\u00edmica, com \u00eanfase em Qu\u00edmica<span class=\"texto\">.<\/span><\/p>\r\n<p><a href=\"http:\/\/lattes.cnpq.br\/1475251734131608\" target=\"_blank\" rel=\"noopener\">Curr\u00edculo lattes<\/a><\/p>\r\n<p>&nbsp;<\/p>\r\n<p style=\"text-align: left\"><strong>Me. Marcos Henrique Oliveira Petroni<\/strong><\/p>\r\n<p style=\"text-align: left\"><img loading=\"lazy\" decoding=\"async\" class=\"wp-image-690 size-thumbnail alignleft\" src=\"https:\/\/site.ifes.edu.br\/cmvv\/wp-content\/uploads\/sites\/19\/2024\/05\/Marcos-Petroni-150x150.png\" alt=\"\" width=\"150\" height=\"150\" srcset=\"https:\/\/site.ifes.edu.br\/cmvv\/wp-content\/uploads\/sites\/19\/2024\/05\/Marcos-Petroni-150x150.png 150w, https:\/\/site.ifes.edu.br\/cmvv\/wp-content\/uploads\/sites\/19\/2024\/05\/Marcos-Petroni-300x300.png 300w, https:\/\/site.ifes.edu.br\/cmvv\/wp-content\/uploads\/sites\/19\/2024\/05\/Marcos-Petroni-100x100.png 100w, https:\/\/site.ifes.edu.br\/cmvv\/wp-content\/uploads\/sites\/19\/2024\/05\/Marcos-Petroni.png 671w\" sizes=\"(max-width: 150px) 100vw, 150px\" \/><\/p>\r\n<p style=\"text-align: justify\">Atualmente cursando gradua\u00e7\u00e3o em Bacharelado de Qu\u00edmica na UFES. Tem experi\u00eancia com caracteriza\u00e7\u00e3o e produ\u00e7\u00e3o de emuls\u00f5es A\/O de petr\u00f3leo e \u00f3leo lubrificante. Al\u00e9m disso, possui experi\u00eancia com aplica\u00e7\u00e3o de emuls\u00f5es em plantas industrais que simulam circuito de extra\u00e7\u00e3o de petr\u00f3leo.<\/p>\r\n<p style=\"text-align: left\"><a href=\"http:\/\/lattes.cnpq.br\/7660744263597260\" target=\"_blank\" rel=\"noopener\">Curr\u00edculo lattes<\/a><\/p>\r\n<p>&nbsp;<\/p>\r\n<p><strong>Me. Nath\u00e1lia dos Santos Concei\u00e7\u00e3o<\/strong><\/p>\r\n<p>\r\n\r\n<\/p>\r\n<figure class=\"wp-block-image is-resized\"><img loading=\"lazy\" decoding=\"async\" class=\"alignleft\" src=\"http:\/\/servicosweb.cnpq.br\/wspessoa\/servletrecuperafoto?tipo=1&amp;id=K8058652E8\" alt=\"\" width=\"162\" height=\"156\" \/><\/figure>\r\n<p>\r\n\r\n<\/p>\r\n<p style=\"text-align: justify\">Doutoranda em Qu\u00edmica com foco em cromatografia l\u00edquida acoplada a espectrometria de massas, para a determina\u00e7\u00e3o multidrogas em matrizes biol\u00f3gicas. Mestra em Qu\u00edmica pela Universidade Federal do Esp\u00edrito Santo (2023) e Engenheira Qu\u00edmica pela Faculdade Pit\u00e1goras de Linhares (2019). Possui experi\u00eancias na \u00e1rea de gest\u00e3o administrativa e limpeza\/higieniza\u00e7\u00e3o industrial voltados para o setor aliment\u00edcio adquirida por meio de est\u00e1gio desenvolvido na Ecolab Qu\u00edmica Ltda. dentro da f\u00e1brica Le\u00e3o Alimentos e Bebidas de Linhares (2018-2019).<strong>\u00a0<\/strong><\/p>\r\n<p>\r\n\r\n<\/p>\r\n<p><a href=\"http:\/\/lattes.cnpq.br\/5938905662605794\" target=\"_blank\" rel=\"noopener\">Curr\u00edculo lattes<\/a><\/p>\r\n<p>&nbsp;<\/p>\r\n<p><strong>Me. Sabrina Gabriceli Cris\u00f3stomo\u00a0<\/strong><\/p>\r\n<p style=\"text-align: justify\"><img loading=\"lazy\" decoding=\"async\" class=\"size-thumbnail wp-image-2057 alignleft\" src=\"https:\/\/site.ifes.edu.br\/cmvv\/wp-content\/uploads\/sites\/19\/2026\/04\/sabrina-150x150.jpg\" alt=\"\" width=\"150\" height=\"150\" srcset=\"https:\/\/site.ifes.edu.br\/cmvv\/wp-content\/uploads\/sites\/19\/2026\/04\/sabrina-150x150.jpg 150w, https:\/\/site.ifes.edu.br\/cmvv\/wp-content\/uploads\/sites\/19\/2026\/04\/sabrina-100x100.jpg 100w\" sizes=\"(max-width: 150px) 100vw, 150px\" \/>Graduou-se em Engenharia de Petr\u00f3leo pela Universidade Vila Velha (UVV) em 24 de maio de 2017, adquirindo compet\u00eancias em explora\u00e7\u00e3o, produ\u00e7\u00e3o e processamento de petr\u00f3leo e g\u00e1s. Concluiu a forma\u00e7\u00e3o t\u00e9cnica em Qu\u00edmica pelo Instituto Federal do Esp\u00edrito Santo (IFES) em 11 de julho de 2017, com s\u00f3lida base em an\u00e1lises laboratoriais e controle de qualidade. Finalizou a especializa\u00e7\u00e3o em Engenharia de Produ\u00e7\u00e3o pela Universidade Est\u00e1cio de S\u00e1 em 22 de mar\u00e7o de 2020, com foco em gest\u00e3o de processos, otimiza\u00e7\u00e3o de recursos e melhoria cont\u00ednua. Obteve o t\u00edtulo de Mestre em Qu\u00edmica Anal\u00edtica pela Universidade Federal do Esp\u00edrito Santo (UFES) em 07 de novembro de 2023, com a disserta\u00e7\u00e3o intitulada &#8220;Estudo Qu\u00edmico de Agrot\u00f3xicos em Tecido Vegetal por MALDI-MS&#8221;<\/p>\r\n<p><a href=\"http:\/\/lattes.cnpq.br\/2699098884412745\">Curr\u00edculo lattes<\/a><\/p>\r\n<p>&nbsp;<\/p>\r\n<p style=\"text-align: left\"><strong>Me. Thaynara Regina de Souza Costa<\/strong><\/p>\r\n<p style=\"text-align: left\"><img loading=\"lazy\" decoding=\"async\" class=\"wp-image-766 size-thumbnail alignleft\" src=\"https:\/\/site.ifes.edu.br\/cmvv\/wp-content\/uploads\/sites\/19\/2024\/08\/Regina-150x150.png\" alt=\"\" width=\"150\" height=\"150\" srcset=\"https:\/\/site.ifes.edu.br\/cmvv\/wp-content\/uploads\/sites\/19\/2024\/08\/Regina-150x150.png 150w, https:\/\/site.ifes.edu.br\/cmvv\/wp-content\/uploads\/sites\/19\/2024\/08\/Regina-100x100.png 100w\" sizes=\"(max-width: 150px) 100vw, 150px\" \/><\/p>\r\n<p style=\"text-align: justify\">Possui gradua\u00e7\u00e3o em Licenciatura em Qu\u00edmica pelo Instituto Federal de Educa\u00e7\u00e3o, Ci\u00eancia e Tecnologia do Esp\u00edrito Santo. Atualmente, cursa o mestrado no Programa de P\u00f3s-Gradua\u00e7\u00e3o em Qu\u00edmica (PPGQ) da Universidade Federal do Esp\u00edrito Santo (UFES), onde a pesquisa concentra-se na determina\u00e7\u00e3o de elementos-tra\u00e7o em amostras de petr\u00f3leo bruto utilizando espectrometria de absor\u00e7\u00e3o at\u00f4mica. A \u00e1rea de especializa\u00e7\u00e3o \u00e9 a qu\u00edmica anal\u00edtica.<\/p>\r\n<p style=\"text-align: left\"><a href=\"http:\/\/lattes.cnpq.br\/0808558072630488\" target=\"_blank\" rel=\"noopener\">Curr\u00edculo lattes<\/a><\/p>\r\n\r\n\r\n","protected":false},"excerpt":{"rendered":"<p>Me. Alan Reinke Pereira Graduado em Qu\u00edmica (Licenciatura e Bacharelado com Atribui\u00e7\u00f5es Tecnol\u00f3gicas) pelo Centro Universit\u00e1rio FAESA (2016) e Mestre em Qu\u00edmica pela Universidade Federal do Esp\u00edrito Santo (2023), onde se dedicou \u00e0 s\u00edntese de naftoquinonas substitu\u00eddas com potencial aplica\u00e7\u00e3o em sistemas eletroqu\u00edmicos. Atualmente \u00e9 Doutorando pela Universidade Federal do Esp\u00edrito Santo, explorando a \u00e1rea &hellip; <\/p>\n<p class=\"link-more\"><a href=\"https:\/\/site.ifes.edu.br\/cmvv\/doutorado\/\" class=\"more-link\">Continue lendo<span class=\"screen-reader-text\"> &#8220;Doutorado&#8221;<\/span><\/a><\/p>\n","protected":false},"author":18,"featured_media":0,"parent":0,"menu_order":0,"comment_status":"closed","ping_status":"closed","template":"","meta":{"footnotes":""},"class_list":["post-159","page","type-page","status-publish","hentry"],"_links":{"self":[{"href":"https:\/\/site.ifes.edu.br\/cmvv\/wp-json\/wp\/v2\/pages\/159"}],"collection":[{"href":"https:\/\/site.ifes.edu.br\/cmvv\/wp-json\/wp\/v2\/pages"}],"about":[{"href":"https:\/\/site.ifes.edu.br\/cmvv\/wp-json\/wp\/v2\/types\/page"}],"author":[{"embeddable":true,"href":"https:\/\/site.ifes.edu.br\/cmvv\/wp-json\/wp\/v2\/users\/18"}],"replies":[{"embeddable":true,"href":"https:\/\/site.ifes.edu.br\/cmvv\/wp-json\/wp\/v2\/comments?post=159"}],"version-history":[{"count":31,"href":"https:\/\/site.ifes.edu.br\/cmvv\/wp-json\/wp\/v2\/pages\/159\/revisions"}],"predecessor-version":[{"id":2058,"href":"https:\/\/site.ifes.edu.br\/cmvv\/wp-json\/wp\/v2\/pages\/159\/revisions\/2058"}],"wp:attachment":[{"href":"https:\/\/site.ifes.edu.br\/cmvv\/wp-json\/wp\/v2\/media?parent=159"}],"curies":[{"name":"wp","href":"https:\/\/api.w.org\/{rel}","templated":true}]}}