{"id":158,"date":"2023-03-03T08:45:18","date_gmt":"2023-03-03T11:45:18","guid":{"rendered":"https:\/\/site.ifes.edu.br\/cmvv\/?page_id=158"},"modified":"2026-04-06T17:58:30","modified_gmt":"2026-04-06T20:58:30","slug":"mestrado","status":"publish","type":"page","link":"https:\/\/site.ifes.edu.br\/cmvv\/mestrado\/","title":{"rendered":"Mestrado"},"content":{"rendered":"\r\n<p><strong>Ana Caroline Ferreira Pereira<\/strong><\/p>\r\n<p style=\"text-align: justify\"><img decoding=\"async\" class=\"size-thumbnail wp-image-2059 alignleft\" src=\"https:\/\/site.ifes.edu.br\/cmvv\/wp-content\/uploads\/sites\/19\/2026\/04\/ana-karoline-150x150.jpg\" alt=\"\" width=\"150\" height=\"150\" srcset=\"https:\/\/site.ifes.edu.br\/cmvv\/wp-content\/uploads\/sites\/19\/2026\/04\/ana-karoline-150x150.jpg 150w, https:\/\/site.ifes.edu.br\/cmvv\/wp-content\/uploads\/sites\/19\/2026\/04\/ana-karoline-100x100.jpg 100w\" sizes=\"(max-width: 150px) 100vw, 150px\" \/> T\u00e9cnica em Eletrot\u00e9cnica (2018 &#8211; 2020) pelo Servi\u00e7o Nacional de Aprendizagem Industrial (SENAI) integrado ao ensino m\u00e9dio. Graduanda em Biomedicina (2022 &#8211; atual) pelo Instituto Federal do Esp\u00edrito Santo (IFES), campus Vila Velha. Durante a gradua\u00e7\u00e3o, desenvolveu trabalhos de pesquisa (Inicia\u00e7\u00e3o Cientifica) voltados a \u00e1rea de Microbiologia, determinando a influ\u00eancia dos probi\u00f3ticos e prebi\u00f3ticos na aquicultura. Tamb\u00e9m participou da Empresa J\u00fanior em Biomedicina do IFES, a BiomES, atuando no cargo de diretoria de Projetos e Consultoria. Atualmente, possui experi\u00eancia acad\u00eamica e profissional nas \u00e1reas de Microbiologia e An\u00e1lises Cl\u00ednicas, obtendo conhecimento em t\u00e9cnicas laboratoriais, controle de qualidade e biosseguran\u00e7a. Interessada em aprimorar compet\u00eancias em pesquisa biom\u00e9dica e desenvolvimento de m\u00e9todos anal\u00edticos para avalia\u00e7\u00e3o de riscos \u00e0 sa\u00fade.<\/p>\r\n<p><a href=\"http:\/\/lattes.cnpq.br\/4746384848404910\" target=\"_blank\" rel=\"noopener\">Curr\u00edculo lattes<\/a><\/p>\r\n<p>&nbsp;<\/p>\r\n<p><strong>Bruna Falcone Cavalini<\/strong><\/p>\r\n<p style=\"text-align: justify\"><img decoding=\"async\" class=\"size-thumbnail wp-image-2060 alignleft\" src=\"https:\/\/site.ifes.edu.br\/cmvv\/wp-content\/uploads\/sites\/19\/2026\/04\/bruna-150x150.jpg\" alt=\"\" width=\"150\" height=\"150\" srcset=\"https:\/\/site.ifes.edu.br\/cmvv\/wp-content\/uploads\/sites\/19\/2026\/04\/bruna-150x150.jpg 150w, https:\/\/site.ifes.edu.br\/cmvv\/wp-content\/uploads\/sites\/19\/2026\/04\/bruna-100x100.jpg 100w\" sizes=\"(max-width: 150px) 100vw, 150px\" \/>Graduada em Qu\u00edmica Industrial (Bacharelado) pelo Instituto Federal do Esp\u00edrito Santo (IFES), campus Vila Velha, e, integrante do Centro Multiusu\u00e1rio para o Desenvolvimento Tecnol\u00f3gico e Inova\u00e7\u00e3o de Vila Velha (CMVV). Participo de projetos de pesquisa voltados \u00e0 \u00e1rea de petrole\u00f4mica. Atualmente, sou mestranda do curso de P\u00f3s-gradua\u00e7\u00e3o em Engenharia Metal\u00fargica e de Materiais (Propemm), do Ifes Vit\u00f3ria.<\/p>\r\n<p><a href=\"http:\/\/lattes.cnpq.br\/3917212484388648\" target=\"_blank\" rel=\"noopener\">Curr\u00edculo lattes<\/a><\/p>\r\n<p>&nbsp;<\/p>\r\n<p><strong>Bruno Azevedo Lessa<\/strong><\/p>\r\n<p><img decoding=\"async\" class=\"wp-image-1894 size-thumbnail alignleft\" src=\"https:\/\/site.ifes.edu.br\/cmvv\/wp-content\/uploads\/sites\/19\/2025\/08\/bruno-150x150.jpg\" alt=\"\" width=\"150\" height=\"150\" srcset=\"https:\/\/site.ifes.edu.br\/cmvv\/wp-content\/uploads\/sites\/19\/2025\/08\/bruno-150x150.jpg 150w, https:\/\/site.ifes.edu.br\/cmvv\/wp-content\/uploads\/sites\/19\/2025\/08\/bruno-100x100.jpg 100w\" sizes=\"(max-width: 150px) 100vw, 150px\" \/><\/p>\r\n<p style=\"text-align: justify\">Atualmente realizo mestrado em Ci\u00eancias Farmac\u00eautica pela Universidade Federal do Esp\u00edrito Santo. Possuo gradua\u00e7\u00e3o em Bacharelado em Biomedicina pelo Ifes (Instituto Federal do Esp\u00edrito Santo). Estagiei durante a gradua\u00e7\u00e3o no Laborat\u00f3rio de Toxicologia da Pol\u00edcia cientifica do Esp\u00edrito Santo, e no Laborat\u00f3rio de Resist\u00eancia Bacteriana na Universidade Federal do Esp\u00edrito Santo. Tendo habilidades desenvolvidas em testes toxicol\u00f3gicos forenses, clinico e ambiental al\u00e9m de habilidades de identifica\u00e7\u00e3o microbiol\u00f3gicas in vivo\/ in vitro.<\/p>\r\n<p><a href=\"http:\/\/lattes.cnpq.br\/0362734223697460\" target=\"_blank\" rel=\"noopener\">Curr\u00edculo lattes<\/a><\/p>\r\n<p>&nbsp;<\/p>\r\n<p><strong>Caio dos Santos Guimar\u00e3es Resende Concei\u00e7\u00e3o<\/strong><\/p>\r\n<p style=\"text-align: justify\"><img loading=\"lazy\" decoding=\"async\" class=\"size-thumbnail wp-image-2061 alignleft\" src=\"https:\/\/site.ifes.edu.br\/cmvv\/wp-content\/uploads\/sites\/19\/2026\/04\/caio-150x150.jpg\" alt=\"\" width=\"150\" height=\"150\" srcset=\"https:\/\/site.ifes.edu.br\/cmvv\/wp-content\/uploads\/sites\/19\/2026\/04\/caio-150x150.jpg 150w, https:\/\/site.ifes.edu.br\/cmvv\/wp-content\/uploads\/sites\/19\/2026\/04\/caio-300x300.jpg 300w, https:\/\/site.ifes.edu.br\/cmvv\/wp-content\/uploads\/sites\/19\/2026\/04\/caio-768x768.jpg 768w, https:\/\/site.ifes.edu.br\/cmvv\/wp-content\/uploads\/sites\/19\/2026\/04\/caio-100x100.jpg 100w, https:\/\/site.ifes.edu.br\/cmvv\/wp-content\/uploads\/sites\/19\/2026\/04\/caio.jpg 800w\" sizes=\"(max-width: 150px) 100vw, 150px\" \/>Graduado em Engenharia Qu\u00edmica pela Universidade Vila Velha (2020) e p\u00f3s-graduado em Desenvolvimento Anal\u00edtico e Controle de Qualidade Aplicado \u00e0 Ind\u00fastria Farmac\u00eautica na CSA Educacional pela PUC Goi\u00e1s (2022). Atualmente \u00e9 analista qu\u00edmico e respons\u00e1vel t\u00e9cnico na GM Regulat\u00f3rios Ltda. Tem experi\u00eancia na \u00e1rea de Qu\u00edmica, com \u00eanfase em Qu\u00edmica Anal\u00edtica (HPLC-UV, UHPLC-DAD-CAD, LC-MS, LC-MS\/MS, LC-Q-TOF-MS). Atuante da \u00e1rea anal\u00edtica, principalmente voltado para o setor farmac\u00eautico (Desenvolvimento e Valida\u00e7\u00e3o de M\u00e9todos Anal\u00edticos, An\u00e1lises de Controle de Qualidade, Estabilidade, Biodisponibilidade, Deple\u00e7\u00e3o Residual).<\/p>\r\n<p><a href=\"http:\/\/lattes.cnpq.br\/4365702899220737\" target=\"_blank\" rel=\"noopener\">Curr\u00edculo lattes<\/a><\/p>\r\n<p>&nbsp;<\/p>\r\n<p><strong>Daniel Stoffle Trancoso<\/strong><\/p>\r\n<p><img loading=\"lazy\" decoding=\"async\" class=\"size-thumbnail wp-image-2081 alignleft\" src=\"https:\/\/site.ifes.edu.br\/cmvv\/wp-content\/uploads\/sites\/19\/2026\/04\/daniel-150x150.jpg\" alt=\"\" width=\"150\" height=\"150\" srcset=\"https:\/\/site.ifes.edu.br\/cmvv\/wp-content\/uploads\/sites\/19\/2026\/04\/daniel-150x150.jpg 150w, https:\/\/site.ifes.edu.br\/cmvv\/wp-content\/uploads\/sites\/19\/2026\/04\/daniel-100x100.jpg 100w\" sizes=\"(max-width: 150px) 100vw, 150px\" \/><\/p>\r\n<p style=\"text-align: justify\">Bacharel em Farm\u00e1cia pela Universidade Federal do Esp\u00edrito Santo (2023), atualmente Mestrando em Ci\u00eancias Farmac\u00eauticas na Universidade Federal do Esp\u00edrito Santo. Possui experi\u00eancia de inicia\u00e7\u00e3o cient\u00edfica pelo Laborat\u00f3rio de Produtos Naturais (LCPV) com \u00eanfase em semiss\u00edntese org\u00e2nica de produtos naturais. Pesquisador do Centro Multiusu\u00e1rio para Desenvolvimento Tecnol\u00f3gico e Inova\u00e7\u00e3o de Vila Velha (CMVV-IFES), atuando em estudos na \u00e1rea de Qu\u00edmica Forense, principalemente no controle de qualidade e fraudes de alimentos atrav\u00e9s de t\u00e9cnicas de espectroscopia vibracional.<\/p>\r\n<p><a href=\"http:\/\/lattes.cnpq.br\/2818765841001009\" target=\"_blank\" rel=\"noopener\">Curr\u00edculo lattes<\/a><\/p>\r\n<p>&nbsp;<\/p>\r\n<p><strong>Harrison Pires Fontes<\/strong><\/p>\r\n<p style=\"text-align: justify\"><img loading=\"lazy\" decoding=\"async\" class=\"size-thumbnail wp-image-2062 alignleft\" src=\"https:\/\/site.ifes.edu.br\/cmvv\/wp-content\/uploads\/sites\/19\/2026\/04\/harrison-150x150.jpg\" alt=\"\" width=\"150\" height=\"150\" srcset=\"https:\/\/site.ifes.edu.br\/cmvv\/wp-content\/uploads\/sites\/19\/2026\/04\/harrison-150x150.jpg 150w, https:\/\/site.ifes.edu.br\/cmvv\/wp-content\/uploads\/sites\/19\/2026\/04\/harrison-100x100.jpg 100w\" sizes=\"(max-width: 150px) 100vw, 150px\" \/>Licenciado em Qu\u00edmica pelo Instituto Federal de Educa\u00e7\u00e3o, Ci\u00eancia e Tecnologia do Esp\u00edrito Santo e T\u00e9cnico em Qu\u00edmica pela mesma institui\u00e7\u00e3o. Participou do PIBID e foi residente no programa Resid\u00eancia Pedag\u00f3gica. Tem experi\u00eancia na \u00e1rea de Qu\u00edmica e Educa\u00e7\u00e3o, com \u00eanfase em Qu\u00edmica. Atualmente \u00e9 integrante do CMVV no Ifes Vila Velha e participa de projetos nas \u00e1reas forense e petrole\u00f4mica com \u00eanfase em quimiometria.<\/p>\r\n<p><a href=\"http:\/\/lattes.cnpq.br\/4337893896875727\" target=\"_blank\" rel=\"noopener\">Curr\u00edculo lattes<\/a><\/p>\r\n<p>&nbsp;<\/p>\r\n<p><strong>J\u00falia Karolina Baiense da Silva<\/strong><\/p>\r\n<p style=\"text-align: justify\"><img loading=\"lazy\" decoding=\"async\" class=\"size-thumbnail wp-image-2063 alignleft\" src=\"https:\/\/site.ifes.edu.br\/cmvv\/wp-content\/uploads\/sites\/19\/2026\/04\/julia-karolina-150x150.jpg\" alt=\"\" width=\"150\" height=\"150\" srcset=\"https:\/\/site.ifes.edu.br\/cmvv\/wp-content\/uploads\/sites\/19\/2026\/04\/julia-karolina-150x150.jpg 150w, https:\/\/site.ifes.edu.br\/cmvv\/wp-content\/uploads\/sites\/19\/2026\/04\/julia-karolina-100x100.jpg 100w\" sizes=\"(max-width: 150px) 100vw, 150px\" \/>Graduada em Biomedicina pelo Instituto Federal do Esp\u00edrito Santo (IFES) Campus Vila Velha (2022-2026), e T\u00e9cnica em Biotecnologia pela mesma institui\u00e7\u00e3o (2019-2021). Durante o ensino t\u00e9cnico foi bolsista de Inicia\u00e7\u00e3o Cient\u00edfica J\u00fanior (2020-2021) no projeto Caracteriza\u00e7\u00e3o f\u00edsico-qu\u00edmica de biomassas com potencial gerador de biog\u00e1s. Na gradua\u00e7\u00e3o (2022-2023), desenvolveu Inicia\u00e7\u00e3o Cient\u00edfica na \u00e1rea de Microscopia como ferramenta de populariza\u00e7\u00e3o da ci\u00eancia, al\u00e9m de participar do Programa de Extens\u00e3o Grupo de Estudos em Microscopia (GEM) (2022-2024). Possui experi\u00eancia profissional e acad\u00eamica na \u00e1rea de estudos de estabilidade de medicamentos, onde atuou no desenvolvimento de m\u00e9todos anal\u00edticos, especialmente por Cromatografia L\u00edquida de Alta Efici\u00eancia (HPLC), com \u00eanfase em controle e garantia da qualidade na \u00e1rea farmac\u00eautica.<\/p>\r\n<p><a href=\"http:\/\/lattes.cnpq.br\/5075328884339542\" target=\"_blank\" rel=\"noopener\">Curr\u00edculo lattes<\/a><\/p>\r\n<p>&nbsp;<\/p>\r\n<p><strong>Lunara Victoria Bernardo Tomaz<\/strong><\/p>\r\n<p style=\"text-align: justify\"><img loading=\"lazy\" decoding=\"async\" class=\"size-thumbnail wp-image-2064 alignleft\" src=\"https:\/\/site.ifes.edu.br\/cmvv\/wp-content\/uploads\/sites\/19\/2026\/04\/lunara-150x150.jpg\" alt=\"\" width=\"150\" height=\"150\" srcset=\"https:\/\/site.ifes.edu.br\/cmvv\/wp-content\/uploads\/sites\/19\/2026\/04\/lunara-150x150.jpg 150w, https:\/\/site.ifes.edu.br\/cmvv\/wp-content\/uploads\/sites\/19\/2026\/04\/lunara-100x100.jpg 100w\" sizes=\"(max-width: 150px) 100vw, 150px\" \/>Biom\u00e9dica pelo Instituto Federal do Esp\u00edrito Santo (IFES), com habilita\u00e7\u00e3o em Patologia Cl\u00ednica (An\u00e1lises Cl\u00ednicas). Participei, como bolsista durante a gradua\u00e7\u00e3o, do projeto de extens\u00e3o &#8221;Incubadora para as Ruas&#8221; (2023) e &#8221;ES Empreendedor&#8221; (2023-2024) executado pelo N\u00facleo Incubador Inovavila do IFES, coordenado pela professora Dra. Marcela Paes. Al\u00e9m disso, participei como aluna volunt\u00e1ria do projeto intitulado &#8221;Oficinas de produ\u00e7\u00e3o de protetores solares de baixo custo como ferramenta de conscientiza\u00e7\u00e3o, preven\u00e7\u00e3o e cuidado com pele e no combate ao c\u00e2ncer de pele&#8221; (2023) aprovado pelo edital de extens\u00e3o da FAPES, coordenado pelo professor Dr. Hildegardo Seibert. Atualmente trabalho como biom\u00e9dica analista no Hospital Ant\u00f4nio Bezerra de Faria &#8211; HABF em Vila Velha.<\/p>\r\n<p><a href=\"http:\/\/lattes.cnpq.br\/4392825611384310\" target=\"_blank\" rel=\"noopener\">Curr\u00edculo lattes<\/a><\/p>\r\n<p>&nbsp;<\/p>\r\n<p><strong>Nicole Souza do Carmo<\/strong><\/p>\r\n<p style=\"text-align: justify\"><img loading=\"lazy\" decoding=\"async\" class=\"size-thumbnail wp-image-2065 alignleft\" src=\"https:\/\/site.ifes.edu.br\/cmvv\/wp-content\/uploads\/sites\/19\/2026\/04\/nicole-150x150.jpg\" alt=\"\" width=\"150\" height=\"150\" srcset=\"https:\/\/site.ifes.edu.br\/cmvv\/wp-content\/uploads\/sites\/19\/2026\/04\/nicole-150x150.jpg 150w, https:\/\/site.ifes.edu.br\/cmvv\/wp-content\/uploads\/sites\/19\/2026\/04\/nicole-300x300.jpg 300w, https:\/\/site.ifes.edu.br\/cmvv\/wp-content\/uploads\/sites\/19\/2026\/04\/nicole-1024x1024.jpg 1024w, https:\/\/site.ifes.edu.br\/cmvv\/wp-content\/uploads\/sites\/19\/2026\/04\/nicole-768x768.jpg 768w, https:\/\/site.ifes.edu.br\/cmvv\/wp-content\/uploads\/sites\/19\/2026\/04\/nicole-1536x1536.jpg 1536w, https:\/\/site.ifes.edu.br\/cmvv\/wp-content\/uploads\/sites\/19\/2026\/04\/nicole-2048x2048.jpg 2048w, https:\/\/site.ifes.edu.br\/cmvv\/wp-content\/uploads\/sites\/19\/2026\/04\/nicole-100x100.jpg 100w\" sizes=\"(max-width: 150px) 100vw, 150px\" \/>Nicole Souza do Carmo \u00e9 graduada em Qu\u00edmica Industrial pelo Instituto Federal de Educa\u00e7\u00e3o, Ci\u00eancia e Tecnologia do Esp\u00edrito Santo Campus Vila Velha (2020 &#8211; 2026) e mestranda em Qu\u00edmica pelo Programa de P\u00f3s-Gradua\u00e7\u00e3o em Qu\u00edmica da Universidade Federal do Esp\u00edrito Santo. Em 2023, foi bolsista de inicia\u00e7\u00e3o cient\u00edfica do Conselho Nacional de Desenvolvimento Cient\u00edfico e Tecnol\u00f3gico (CNPq), atuando no desenvolvimento de metodologia de digest\u00e3o assistida por radia\u00e7\u00e3o micro-ondas para preparo de amostras e an\u00e1lise elementar de Pereskia aculeata. Em 2024, participou como volunt\u00e1ria de inicia\u00e7\u00e3o cient\u00edfica em projeto voltado \u00e0 identifica\u00e7\u00e3o de adulterantes nitrogenados em whey protein por espectroscopia FTIR-ATR e NIR associadas a m\u00e9todos quimiom\u00e9tricos, com aplica\u00e7\u00e3o de PCA e PLS-DA. Desde 2024 integra a equipe do Centro Multiusu\u00e1rio para o Desenvolvimento Tecnol\u00f3gico e Inova\u00e7\u00e3o de Vila Velha (CMVV-IFES), atuando em projetos nas \u00e1reas de qu\u00edmica anal\u00edtica e qu\u00edmica forense.<\/p>\r\n<p><a href=\"http:\/\/lattes.cnpq.br\/9398834932251255\" target=\"_blank\" rel=\"noopener\">Curr\u00edculo lattes<\/a><\/p>\r\n<p>&nbsp;<\/p>\r\n\r\n\r\n\r\n<p><strong>Thallyta Drago Ros\u00e1rio Santos<\/strong><\/p>\r\n<p>\r\n\r\n\r\n\r\n<\/p>\r\n<p><img loading=\"lazy\" decoding=\"async\" class=\"wp-image-1896 size-thumbnail alignleft\" src=\"https:\/\/site.ifes.edu.br\/cmvv\/wp-content\/uploads\/sites\/19\/2025\/08\/thallytinha-150x150.jpg\" alt=\"\" width=\"150\" height=\"150\" srcset=\"https:\/\/site.ifes.edu.br\/cmvv\/wp-content\/uploads\/sites\/19\/2025\/08\/thallytinha-150x150.jpg 150w, https:\/\/site.ifes.edu.br\/cmvv\/wp-content\/uploads\/sites\/19\/2025\/08\/thallytinha-100x100.jpg 100w\" sizes=\"(max-width: 150px) 100vw, 150px\" \/><\/p>\r\n<p style=\"text-align: justify\">Biom\u00e9dica formada pelo Instituto Federal do Esp\u00edrito Santo (IFES). Atualmente P\u00f3s-graduanda em Controle de Qualidade e Seguran\u00e7a de Alimentos pelo IFES. Atuei no projeto de extens\u00e3o Programa Interdisciplinar de Promo\u00e7\u00e3o e Aten\u00e7\u00e3o \u00e0 Sa\u00fade durante o per\u00edodo da gradua\u00e7\u00e3o, onde o programa tem por objetivo difundir a sa\u00fade e a ci\u00eancia para a comunidade em torno da institui\u00e7\u00e3o. Fundadora e ex-presidente do Marketing e Mercado da Empresa J\u00fanior BiomES, primeira empresa j\u00fanior de biomedicina do estado do Esp\u00edrito Santo (2021-2022).<\/p>\r\n<p>\r\n\r\n<\/p>\r\n<p><a href=\"http:\/\/lattes.cnpq.br\/9678406094735336\" target=\"_blank\" rel=\"noopener\">Curr\u00edculo lattes<\/a><\/p>\r\n\r\n\r\n","protected":false},"excerpt":{"rendered":"<p>Ana Caroline Ferreira Pereira T\u00e9cnica em Eletrot\u00e9cnica (2018 &#8211; 2020) pelo Servi\u00e7o Nacional de Aprendizagem Industrial (SENAI) integrado ao ensino m\u00e9dio. Graduanda em Biomedicina (2022 &#8211; atual) pelo Instituto Federal do Esp\u00edrito Santo (IFES), campus Vila Velha. Durante a gradua\u00e7\u00e3o, desenvolveu trabalhos de pesquisa (Inicia\u00e7\u00e3o Cientifica) voltados a \u00e1rea de Microbiologia, determinando a influ\u00eancia dos &hellip; <\/p>\n<p class=\"link-more\"><a href=\"https:\/\/site.ifes.edu.br\/cmvv\/mestrado\/\" class=\"more-link\">Continue lendo<span class=\"screen-reader-text\"> &#8220;Mestrado&#8221;<\/span><\/a><\/p>\n","protected":false},"author":18,"featured_media":0,"parent":0,"menu_order":0,"comment_status":"closed","ping_status":"closed","template":"","meta":{"footnotes":""},"class_list":["post-158","page","type-page","status-publish","hentry"],"_links":{"self":[{"href":"https:\/\/site.ifes.edu.br\/cmvv\/wp-json\/wp\/v2\/pages\/158"}],"collection":[{"href":"https:\/\/site.ifes.edu.br\/cmvv\/wp-json\/wp\/v2\/pages"}],"about":[{"href":"https:\/\/site.ifes.edu.br\/cmvv\/wp-json\/wp\/v2\/types\/page"}],"author":[{"embeddable":true,"href":"https:\/\/site.ifes.edu.br\/cmvv\/wp-json\/wp\/v2\/users\/18"}],"replies":[{"embeddable":true,"href":"https:\/\/site.ifes.edu.br\/cmvv\/wp-json\/wp\/v2\/comments?post=158"}],"version-history":[{"count":27,"href":"https:\/\/site.ifes.edu.br\/cmvv\/wp-json\/wp\/v2\/pages\/158\/revisions"}],"predecessor-version":[{"id":2082,"href":"https:\/\/site.ifes.edu.br\/cmvv\/wp-json\/wp\/v2\/pages\/158\/revisions\/2082"}],"wp:attachment":[{"href":"https:\/\/site.ifes.edu.br\/cmvv\/wp-json\/wp\/v2\/media?parent=158"}],"curies":[{"name":"wp","href":"https:\/\/api.w.org\/{rel}","templated":true}]}}