{"id":157,"date":"2023-03-03T08:45:18","date_gmt":"2023-03-03T11:45:18","guid":{"rendered":"https:\/\/site.ifes.edu.br\/cmvv\/?page_id=157"},"modified":"2024-11-04T22:54:16","modified_gmt":"2024-11-05T01:54:16","slug":"iniciacao-cientifica","status":"publish","type":"page","link":"https:\/\/site.ifes.edu.br\/cmvv\/iniciacao-cientifica\/","title":{"rendered":"Inicia\u00e7\u00e3o Cient\u00edfica"},"content":{"rendered":"\r\n<p class=\"nome\"><strong>Adyson Kleyton dos Santos Vieira<\/strong><\/p>\r\n<p><img decoding=\"async\" class=\"wp-image-1274 size-thumbnail alignleft\" src=\"https:\/\/site.ifes.edu.br\/cmvv\/wp-content\/uploads\/sites\/19\/2024\/10\/WhatsApp-Image-2024-10-31-at-16.36.23-150x150.jpeg\" alt=\"\" width=\"150\" height=\"150\" srcset=\"https:\/\/site.ifes.edu.br\/cmvv\/wp-content\/uploads\/sites\/19\/2024\/10\/WhatsApp-Image-2024-10-31-at-16.36.23-150x150.jpeg 150w, https:\/\/site.ifes.edu.br\/cmvv\/wp-content\/uploads\/sites\/19\/2024\/10\/WhatsApp-Image-2024-10-31-at-16.36.23-100x100.jpeg 100w\" sizes=\"(max-width: 150px) 100vw, 150px\" \/><\/p>\r\n<p style=\"text-align: justify\">Graduando em Qu\u00edmica industrial pelo Instituto Federal do Esp\u00edrito Santo (IFES), possui t\u00e9cnico em qu\u00edmica pelo IFES 2020, experi\u00eancia com pesquisa em extra\u00e7\u00e3o e desenvolvimento de materiais com \u00eanfase em desenvolvimento sustent\u00e1vel.<\/p>\r\n<p style=\"text-align: justify\">Curr\u00edculo lattes:\u00a0<a href=\"http:\/\/lattes.cnpq.br\/8006165614024047\" target=\"_blank\" rel=\"noopener\">http:\/\/lattes.cnpq.br\/8006165614024047<\/a><\/p>\r\n<p>&nbsp;<\/p>\r\n<p><strong>Ana Carolina Co\u00ealho Piffer<\/strong><\/p>\r\n<p><img decoding=\"async\" class=\"wp-image-1275 size-thumbnail alignleft\" src=\"https:\/\/site.ifes.edu.br\/cmvv\/wp-content\/uploads\/sites\/19\/2024\/10\/WhatsApp-Image-2024-10-31-at-16.36.33-150x150.jpeg\" alt=\"\" width=\"150\" height=\"150\" srcset=\"https:\/\/site.ifes.edu.br\/cmvv\/wp-content\/uploads\/sites\/19\/2024\/10\/WhatsApp-Image-2024-10-31-at-16.36.33-150x150.jpeg 150w, https:\/\/site.ifes.edu.br\/cmvv\/wp-content\/uploads\/sites\/19\/2024\/10\/WhatsApp-Image-2024-10-31-at-16.36.33-1200x1200.jpeg 1200w, https:\/\/site.ifes.edu.br\/cmvv\/wp-content\/uploads\/sites\/19\/2024\/10\/WhatsApp-Image-2024-10-31-at-16.36.33-100x100.jpeg 100w\" sizes=\"(max-width: 150px) 100vw, 150px\" \/><\/p>\r\n<p style=\"text-align: justify\">Estudante de gradua\u00e7\u00e3o em Qu\u00edmica Industrial pelo Instituto Federal do Esp\u00edrito Santo (IFES). Foi bolsista pelo CNPq no Laborat\u00f3rio do CMVV do campus Vila Velha, desenvolvendo o projeto Utiliza\u00e7\u00e3o de Espectroscopia na Regi\u00e3o do Infravermelho e Raman em Abordagens de Qu\u00edmica Forense e Alimentos aliado \u00e0 An\u00e1lise Quimiom\u00e9trica. Participa do grupo de pesquisa de Espectrometria de Massas, Qu\u00edmica Forense e Petrole\u00f4mica. Atualmente, est\u00e1 em mobilidade acad\u00eamica no Instituto Polit\u00e9cnico de Bragan\u00e7a (IPB), Portugal. Possui interesse em projetos na \u00e1rea de Qu\u00edmica Forense.<\/p>\r\n<p style=\"text-align: justify\">Curr\u00edculo lattes:\u00a0<a href=\"http:\/\/lattes.cnpq.br\/0598243752949832\" target=\"_blank\" rel=\"noopener\">http:\/\/lattes.cnpq.br\/0598243752949832<\/a><\/p>\r\n<p>&nbsp;<\/p>\r\n<p><strong>Anna Clara Faleiro Braz<\/strong><\/p>\r\n<p><img decoding=\"async\" class=\"wp-image-1277 size-thumbnail alignleft\" src=\"https:\/\/site.ifes.edu.br\/cmvv\/wp-content\/uploads\/sites\/19\/2024\/10\/WhatsApp-Image-2024-10-31-at-16.36.46-150x150.jpeg\" alt=\"\" width=\"150\" height=\"150\" srcset=\"https:\/\/site.ifes.edu.br\/cmvv\/wp-content\/uploads\/sites\/19\/2024\/10\/WhatsApp-Image-2024-10-31-at-16.36.46-150x150.jpeg 150w, https:\/\/site.ifes.edu.br\/cmvv\/wp-content\/uploads\/sites\/19\/2024\/10\/WhatsApp-Image-2024-10-31-at-16.36.46-100x100.jpeg 100w\" sizes=\"(max-width: 150px) 100vw, 150px\" \/><\/p>\r\n<p style=\"text-align: justify\">Concluiu o Ensino M\u00e9dio (2 grau) no Col\u00e9gio Marista de Goi\u00e2nia, GO, Brasil (2021). Atualmente cursa o terceiro per\u00edodo do Bacharelado em Biomedicina pelo Instituto Federal de Educa\u00e7\u00e3o, Ci\u00eancia e Tecnologia do Esp\u00edrito Santo, IFES, Brasil. Faz parte do Centro Multiusu\u00e1rio para o Desenvolvimento Tecnol\u00f3gico e Inova\u00e7\u00e3o de Vila Velha (CMVV &#8211; IFES), onde integra a equipe de Qu\u00edmica Forense, com atua\u00e7\u00e3o no projeto de Inicia\u00e7\u00e3o Cient\u00edfica intitulado &#8220;Autenticidade do Papel Moeda (Real) por Espectroscopia Raman Port\u00e1til&#8221;.<\/p>\r\n<p style=\"text-align: justify\">Curr\u00edculo lattes:\u00a0<a href=\"http:\/\/lattes.cnpq.br\/8526210128522578\" target=\"_blank\" rel=\"noopener\">http:\/\/lattes.cnpq.br\/8526210128522578<\/a><\/p>\r\n<p><!-- \/wp:paragraph -->\r\n\r\n<!-- wp:paragraph --><\/p>\r\n<p>&nbsp;<\/p>\r\n<p><strong>Anny Rodrigues de Souza<\/strong><\/p>\r\n<p><img loading=\"lazy\" decoding=\"async\" class=\"wp-image-1369 size-thumbnail alignleft\" src=\"https:\/\/site.ifes.edu.br\/cmvv\/wp-content\/uploads\/sites\/19\/2024\/11\/WhatsApp-Image-2024-11-03-at-19.19.56-150x150.jpeg\" alt=\"\" width=\"150\" height=\"150\" srcset=\"https:\/\/site.ifes.edu.br\/cmvv\/wp-content\/uploads\/sites\/19\/2024\/11\/WhatsApp-Image-2024-11-03-at-19.19.56-150x150.jpeg 150w, https:\/\/site.ifes.edu.br\/cmvv\/wp-content\/uploads\/sites\/19\/2024\/11\/WhatsApp-Image-2024-11-03-at-19.19.56-100x100.jpeg 100w\" sizes=\"(max-width: 150px) 100vw, 150px\" \/><\/p>\r\n<p style=\"text-align: justify\">Possui curso-tecnico-profissionalizante em T\u00e9cnico em Biotecnologia pelo Instituto Federal de Educa\u00e7\u00e3o, Ci\u00eancia e Tecnologia do Esp\u00edrito Santo (2023) e ensino-medio-segundo-graupelo Instituto Federal do Esp\u00edrito Santo (2023).<\/p>\r\n<p style=\"text-align: justify\">Curr\u00edculo lattes:\u00a0<a href=\"http:\/\/lattes.cnpq.br\/8115918368352631\" target=\"_blank\" rel=\"noopener\">http:\/\/lattes.cnpq.br\/8115918368352631<\/a><\/p>\r\n<p>&nbsp;<\/p>\r\n<!-- wp:paragraph -->\r\n<p><strong>Brenda Ara\u00fajo Vieira<\/strong><\/p>\r\n<!-- \/wp:paragraph -->\r\n\r\n<!-- wp:image {\"width\":124,\"height\":161} -->\r\n<figure class=\"wp-block-image is-resized\"><img loading=\"lazy\" decoding=\"async\" class=\"alignleft\" src=\"http:\/\/servicosweb.cnpq.br\/wspessoa\/servletrecuperafoto?tipo=1&amp;id=K1129697D1\" alt=\"\" width=\"124\" height=\"161\" \/><\/figure>\r\n<!-- \/wp:image -->\r\n\r\n<!-- wp:paragraph -->\r\n<p style=\"text-align: justify\">Me chamo Brenda Ara\u00fajo Vieira, estou no 6 per\u00edodo da gradua\u00e7\u00e3o de Biomedicina pelo Instituto Federal do Esp\u00edrito Santo &#8211; IFES. Durante a gradua\u00e7\u00e3o participei da empresa j\u00fanior BiomES e participo de um projeto de pesquisa que visa identificar novos biomarcadores para a inj\u00faria renal aguda (IRA) em pacientes que passaram por transplante hep\u00e1tico utilizando a espectrometria de massas. Ademais, estou atuando como bolsista no projeto de extens\u00e3o &#8220;Projeto Rio Doce Escolar&#8221;.<\/p>\r\n<p style=\"text-align: justify\">Curr\u00edculo lattes: <a href=\"http:\/\/lattes.cnpq.br\/3903831709807824\" target=\"_blank\" rel=\"noopener\">http:\/\/lattes.cnpq.br\/3903831709807824<\/a><\/p>\r\n<!-- \/wp:paragraph -->\r\n\r\n<!-- wp:paragraph -->\r\n<p>&nbsp;<\/p>\r\n<p><strong>Bruna Falcone Cavalini<\/strong><\/p>\r\n<p><img loading=\"lazy\" decoding=\"async\" class=\"wp-image-1146 size-thumbnail alignleft\" src=\"https:\/\/site.ifes.edu.br\/cmvv\/wp-content\/uploads\/sites\/19\/2024\/10\/Bruna-150x150.jpg\" alt=\"\" width=\"150\" height=\"150\" srcset=\"https:\/\/site.ifes.edu.br\/cmvv\/wp-content\/uploads\/sites\/19\/2024\/10\/Bruna-150x150.jpg 150w, https:\/\/site.ifes.edu.br\/cmvv\/wp-content\/uploads\/sites\/19\/2024\/10\/Bruna-100x100.jpg 100w\" sizes=\"(max-width: 150px) 100vw, 150px\" \/><\/p>\r\n<p style=\"text-align: justify\">Possui ensino m\u00e9dio segundo graupelo Col\u00e9gio Castro Alves (2020).\u00a0<\/p>\r\n<p style=\"text-align: justify\">Curr\u00edculo lattes: <a href=\"http:\/\/lattes.cnpq.br\/3917212484388648\" target=\"_blank\" rel=\"noopener\">http:\/\/lattes.cnpq.br\/3917212484388648<\/a><\/p>\r\n<p>&nbsp;<\/p>\r\n<p>&nbsp;<\/p>\r\n<p>&nbsp;<\/p>\r\n<p><strong>Emily Azevedo de Carvalho<\/strong><\/p>\r\n<p><img loading=\"lazy\" decoding=\"async\" class=\"wp-image-1272 size-thumbnail alignleft\" src=\"https:\/\/site.ifes.edu.br\/cmvv\/wp-content\/uploads\/sites\/19\/2024\/10\/WhatsApp-Image-2024-10-31-at-16.36.08-150x150.jpeg\" alt=\"\" width=\"150\" height=\"150\" srcset=\"https:\/\/site.ifes.edu.br\/cmvv\/wp-content\/uploads\/sites\/19\/2024\/10\/WhatsApp-Image-2024-10-31-at-16.36.08-150x150.jpeg 150w, https:\/\/site.ifes.edu.br\/cmvv\/wp-content\/uploads\/sites\/19\/2024\/10\/WhatsApp-Image-2024-10-31-at-16.36.08-100x100.jpeg 100w\" sizes=\"(max-width: 150px) 100vw, 150px\" \/><\/p>\r\n<p style=\"text-align: justify\">T\u00e9cnica em Qu\u00edmica pelo Instituto Federal do Esp\u00edrito Santo &#8211; IFES (2020). Atualmente \u00e9 graduanda em Qu\u00edmica Industrial pelo Instituto Federal do Esp\u00edrito Santo &#8211; IFES e desenvolve pesquisa na \u00e1rea de Petrole\u00f4mica concentrando-se no estudo das parafinas por cromatografia gasosa acoplada ao detector por ioniza\u00e7\u00e3o em chama (GC-FID) e a espectrometria de massas (GC-MS). Al\u00e9m disso, colabora na obten\u00e7\u00e3o e caracteriza\u00e7\u00e3o do material interfacial do petr\u00f3leo associado \u00e0 espectrometria de massas (ESI-FTICR) sob a orienta\u00e7\u00e3o do prof. Dr. Wanderson Rom\u00e3o e Dr(a) Lindamara Souza.<\/p>\r\n<p style=\"text-align: justify\">Curr\u00edculo lattes:\u00a0<a href=\"http:\/\/lattes.cnpq.br\/5035627622524960\" target=\"_blank\" rel=\"noopener\">http:\/\/lattes.cnpq.br\/5035627622524960<\/a><\/p>\r\n<p>&nbsp;<\/p>\r\n<p><strong>Fernanda de Freitas Rocha<\/strong><\/p>\r\n<p><img loading=\"lazy\" decoding=\"async\" class=\"wp-image-1368 size-thumbnail alignleft\" src=\"https:\/\/site.ifes.edu.br\/cmvv\/wp-content\/uploads\/sites\/19\/2024\/11\/WhatsApp-Image-2024-11-03-at-19.20.05-150x150.jpeg\" alt=\"\" width=\"150\" height=\"150\" srcset=\"https:\/\/site.ifes.edu.br\/cmvv\/wp-content\/uploads\/sites\/19\/2024\/11\/WhatsApp-Image-2024-11-03-at-19.20.05-150x150.jpeg 150w, https:\/\/site.ifes.edu.br\/cmvv\/wp-content\/uploads\/sites\/19\/2024\/11\/WhatsApp-Image-2024-11-03-at-19.20.05-100x100.jpeg 100w\" sizes=\"(max-width: 150px) 100vw, 150px\" \/><\/p>\r\n<p style=\"text-align: justify\">Possui Ensino Fundamental (2019) e Ensino m\u00e9dio (2022) pelo col\u00e9gio Centro Educacional Leonardo Da Vinci. Atualmente cursa o quarto per\u00edodo de Bacharelado em Biomedicina no Instituto Federal de Educa\u00e7\u00e3o, Ci\u00eancia e Tecnologia do Esp\u00edrito Santo. Participa, tamb\u00e9m, como assessora de Marketing e Mercado na BiomES, Empresa J\u00fanior de Biomedicina do IFES &#8211; Campus Vila Velha, e \u00e9 membro da Liga Acad\u00eamica Integrada de Gen\u00e9tica e Gen\u00f4mica do Esp\u00edrito Santo (LAIGGES).<\/p>\r\n<p style=\"text-align: justify\">Curr\u00edculo lattes:\u00a0<a href=\"http:\/\/lattes.cnpq.br\/9787181235669547\" target=\"_blank\" rel=\"noopener\">http:\/\/lattes.cnpq.br\/9787181235669547<\/a><\/p>\r\n<p>&nbsp;<\/p>\r\n<p><strong>Gabriela Lebrego Zago<\/strong><\/p>\r\n<p><img loading=\"lazy\" decoding=\"async\" class=\"wp-image-1148 size-thumbnail alignleft\" src=\"https:\/\/site.ifes.edu.br\/cmvv\/wp-content\/uploads\/sites\/19\/2024\/10\/Gabriela-150x150.jpg\" alt=\"\" width=\"150\" height=\"150\" srcset=\"https:\/\/site.ifes.edu.br\/cmvv\/wp-content\/uploads\/sites\/19\/2024\/10\/Gabriela-150x150.jpg 150w, https:\/\/site.ifes.edu.br\/cmvv\/wp-content\/uploads\/sites\/19\/2024\/10\/Gabriela-100x100.jpg 100w\" sizes=\"(max-width: 150px) 100vw, 150px\" \/><\/p>\r\n<p style=\"text-align: justify\">Possui curso t\u00e9cnico profissionalizante em T\u00e9cnico em Qu\u00edmica pelo Instituto Federal de Educa\u00e7\u00e3o, Ci\u00eancia e Tecnologia do Esp\u00edrito Santo (2019) e ensino m\u00e9dio segundo grau pela EEEFM Ang\u00e9lica Paix\u00e3o (2016).<\/p>\r\n<p style=\"text-align: justify\">Curr\u00edculo lattes: <a href=\"http:\/\/lattes.cnpq.br\/3971105581865687\" target=\"_blank\" rel=\"noopener\">http:\/\/lattes.cnpq.br\/3971105581865687<\/a><\/p>\r\n<p>&nbsp;<\/p>\r\n<p>&nbsp;<\/p>\r\n<p><strong>Gilmey Otavio Cortes Meyreles<\/strong><\/p>\r\n<p><img loading=\"lazy\" decoding=\"async\" class=\"alignleft wp-image-1460\" src=\"https:\/\/site.ifes.edu.br\/cmvv\/wp-content\/uploads\/sites\/19\/2024\/11\/WhatsApp-Image-2024-11-04-at-22.50.18-e1730771575815-300x300.jpeg\" alt=\"\" width=\"150\" height=\"150\" srcset=\"https:\/\/site.ifes.edu.br\/cmvv\/wp-content\/uploads\/sites\/19\/2024\/11\/WhatsApp-Image-2024-11-04-at-22.50.18-e1730771575815-300x300.jpeg 300w, https:\/\/site.ifes.edu.br\/cmvv\/wp-content\/uploads\/sites\/19\/2024\/11\/WhatsApp-Image-2024-11-04-at-22.50.18-e1730771575815-150x150.jpeg 150w, https:\/\/site.ifes.edu.br\/cmvv\/wp-content\/uploads\/sites\/19\/2024\/11\/WhatsApp-Image-2024-11-04-at-22.50.18-e1730771575815-100x100.jpeg 100w, https:\/\/site.ifes.edu.br\/cmvv\/wp-content\/uploads\/sites\/19\/2024\/11\/WhatsApp-Image-2024-11-04-at-22.50.18-e1730771575815.jpeg 640w\" sizes=\"(max-width: 150px) 100vw, 150px\" \/><\/p>\r\n<p style=\"text-align: justify\">Aluno de Licenciatura em Qu\u00edmica pelo Instituto Federal do Esp\u00edrito Santo. Tem experi\u00eancia em ensino de qu\u00edmica. Participou do Programa Institucional de Bolsas de Inicia\u00e7\u00e3o \u00e0 Doc\u00eancia (PIBID) entre 2023-2024. Participa da Inicia\u00e7\u00e3o Cient\u00edfica &#8220;Desenvolvimento e Adapta\u00e7\u00e3o de Recursos Did\u00e1ticos no Formato de V\u00eddeos para Divulga\u00e7\u00e3o Cient\u00edfica das Ci\u00eancias Forenses&#8221; (IC-T gradua\u00e7\u00e3o) no CMVV IFES como aluno pesquisador.<\/p>\r\n<p style=\"text-align: justify\">Curr\u00edculo lattes:\u00a0<a href=\"http:\/\/lattes.cnpq.br\/0646704759136169\" target=\"_blank\" rel=\"noopener\">http:\/\/lattes.cnpq.br\/0646704759136169<\/a><\/p>\r\n<p>&nbsp;<\/p>\r\n<p><strong>Harrison Pires Fontes<\/strong><\/p>\r\n<p><img loading=\"lazy\" decoding=\"async\" class=\"wp-image-1353 size-thumbnail alignleft\" src=\"https:\/\/site.ifes.edu.br\/cmvv\/wp-content\/uploads\/sites\/19\/2024\/11\/WhatsApp-Image-2024-11-03-at-19.06.38-150x150.jpeg\" alt=\"\" width=\"150\" height=\"150\" srcset=\"https:\/\/site.ifes.edu.br\/cmvv\/wp-content\/uploads\/sites\/19\/2024\/11\/WhatsApp-Image-2024-11-03-at-19.06.38-150x150.jpeg 150w, https:\/\/site.ifes.edu.br\/cmvv\/wp-content\/uploads\/sites\/19\/2024\/11\/WhatsApp-Image-2024-11-03-at-19.06.38-100x100.jpeg 100w\" sizes=\"(max-width: 150px) 100vw, 150px\" \/><\/p>\r\n<p style=\"text-align: justify\">Graduando em Licenciatura em Qu\u00edmica pelo Instituto Federal de Educa\u00e7\u00e3o, Ci\u00eancia e Tecnologia do Esp\u00edrito Santo e T\u00e9cnico em Qu\u00edmica pela mesma institui\u00e7\u00e3o. Participou do PIBID e foi residente no programa Resid\u00eancia Pedag\u00f3gica. Tem experi\u00eancia na \u00e1rea de Qu\u00edmica e Educa\u00e7\u00e3o, com \u00eanfase em Qu\u00edmica. Atualmente \u00e9 estudante de Inicia\u00e7\u00e3o Cient\u00edfica e Tecnol\u00f3gica no CMVV do Ifes Vila Velha em Desenvolvimento e adapta\u00e7\u00e3o de recursos did\u00e1ticos no formato de v\u00eddeos e HQ&#8217;s para divulga\u00e7\u00e3o cient\u00edfica das Ci\u00eancias Forenses, al\u00e9m de atuar no projeto de extens\u00e3o Laborat\u00f3rio Vivo situado na Cidade da Inova\u00e7\u00e3o &#8211; Ifes em Vit\u00f3ria, ES.<\/p>\r\n<p style=\"text-align: justify\">Curr\u00edculo lattes:\u00a0<a href=\"http:\/\/lattes.cnpq.br\/4337893896875727\" target=\"_blank\" rel=\"noopener\">http:\/\/lattes.cnpq.br\/4337893896875727<\/a><\/p>\r\n<p>&nbsp;<\/p>\r\n<!-- \/wp:paragraph -->\r\n\r\n<!-- wp:paragraph -->\r\n<p><strong>Israel Junior Rodrigues de Andrade<\/strong><\/p>\r\n<p><img loading=\"lazy\" decoding=\"async\" class=\"wp-image-1147 size-thumbnail alignleft\" src=\"https:\/\/site.ifes.edu.br\/cmvv\/wp-content\/uploads\/sites\/19\/2024\/10\/Israel-150x150.jpg\" alt=\"\" width=\"150\" height=\"150\" srcset=\"https:\/\/site.ifes.edu.br\/cmvv\/wp-content\/uploads\/sites\/19\/2024\/10\/Israel-150x150.jpg 150w, https:\/\/site.ifes.edu.br\/cmvv\/wp-content\/uploads\/sites\/19\/2024\/10\/Israel-100x100.jpg 100w\" sizes=\"(max-width: 150px) 100vw, 150px\" \/><\/p>\r\n<p style=\"text-align: justify\">Possui ensino m\u00e9dio segundo grau pela EEEFM FRANCELINA CARNEIRO SET\u00daBAL (2020). Tem experi\u00eancia na \u00e1rea de Qu\u00edmica.\u00a0<\/p>\r\n<p style=\"text-align: justify\">Curr\u00edculo lattes: <a href=\"http:\/\/lattes.cnpq.br\/0645640931801351\" target=\"_blank\" rel=\"noopener\">http:\/\/lattes.cnpq.br\/0645640931801351<\/a><\/p>\r\n<p>&nbsp;<\/p>\r\n<p>&nbsp;<\/p>\r\n<p><strong>Julie Massi Magalh\u00e3es Figueiredo<\/strong><\/p>\r\n<p><img loading=\"lazy\" decoding=\"async\" class=\"wp-image-1370 size-thumbnail alignleft\" src=\"https:\/\/site.ifes.edu.br\/cmvv\/wp-content\/uploads\/sites\/19\/2024\/11\/WhatsApp-Image-2024-11-03-at-19.18.53-150x150.jpeg\" alt=\"\" width=\"150\" height=\"150\" srcset=\"https:\/\/site.ifes.edu.br\/cmvv\/wp-content\/uploads\/sites\/19\/2024\/11\/WhatsApp-Image-2024-11-03-at-19.18.53-150x150.jpeg 150w, https:\/\/site.ifes.edu.br\/cmvv\/wp-content\/uploads\/sites\/19\/2024\/11\/WhatsApp-Image-2024-11-03-at-19.18.53-100x100.jpeg 100w\" sizes=\"(max-width: 150px) 100vw, 150px\" \/><\/p>\r\n<p style=\"text-align: justify\">Concluiu o Ensino M\u00e9dio (2 grau) no Col\u00e9gio Americano da Praia da Costa, CA, Brasil (2022). Atualmente cursa Bacharelado em Biomedicina pelo Instituto Federal de Educa\u00e7\u00e3o, Ci\u00eancia e Tecnologia do Esp\u00edrito Santo, IFES, Brasil. Faz parte do Centro Multiusu\u00e1rio para o Desenvolvimento Tecnol\u00f3gico e Inova\u00e7\u00e3o de Vila Velha (CMVV &#8211; IFES), onde integra a equipe de Qu\u00edmica Forense, com atua\u00e7\u00e3o no projeto de Inicia\u00e7\u00e3o Cient\u00edfica intitulado &#8220;Quantifica\u00e7\u00e3o de Canabin\u00f3ides por Cromatografia L\u00edquida de Alta Efici\u00eancia&#8221;. Tamb\u00e9m participa da Liga Acad\u00eamica Integrada de Gen\u00e9tica e Gen\u00f4mica do Esp\u00edrito Santo (LAIGGES), da Universidade Federal do Esp\u00edrito Santo (UFES).<\/p>\r\n<p style=\"text-align: justify\">Curr\u00edculo lattes:\u00a0<a href=\"http:\/\/lattes.cnpq.br\/9817155343859442\" target=\"_blank\" rel=\"noopener\">http:\/\/lattes.cnpq.br\/9817155343859442<\/a><\/p>\r\n<p>&nbsp;<\/p>\r\n<p><strong>Ramon Ferovante Oliveira<\/strong><\/p>\r\n<p><img loading=\"lazy\" decoding=\"async\" class=\"wp-image-1367 size-thumbnail alignleft\" src=\"https:\/\/site.ifes.edu.br\/cmvv\/wp-content\/uploads\/sites\/19\/2024\/11\/WhatsApp-Image-2024-11-03-at-19.20.13-150x150.jpeg\" alt=\"\" width=\"150\" height=\"150\" srcset=\"https:\/\/site.ifes.edu.br\/cmvv\/wp-content\/uploads\/sites\/19\/2024\/11\/WhatsApp-Image-2024-11-03-at-19.20.13-150x150.jpeg 150w, https:\/\/site.ifes.edu.br\/cmvv\/wp-content\/uploads\/sites\/19\/2024\/11\/WhatsApp-Image-2024-11-03-at-19.20.13-300x300.jpeg 300w, https:\/\/site.ifes.edu.br\/cmvv\/wp-content\/uploads\/sites\/19\/2024\/11\/WhatsApp-Image-2024-11-03-at-19.20.13-1024x1024.jpeg 1024w, https:\/\/site.ifes.edu.br\/cmvv\/wp-content\/uploads\/sites\/19\/2024\/11\/WhatsApp-Image-2024-11-03-at-19.20.13-768x768.jpeg 768w, https:\/\/site.ifes.edu.br\/cmvv\/wp-content\/uploads\/sites\/19\/2024\/11\/WhatsApp-Image-2024-11-03-at-19.20.13-100x100.jpeg 100w, https:\/\/site.ifes.edu.br\/cmvv\/wp-content\/uploads\/sites\/19\/2024\/11\/WhatsApp-Image-2024-11-03-at-19.20.13.jpeg 1200w\" sizes=\"(max-width: 150px) 100vw, 150px\" \/><\/p>\r\n<p style=\"text-align: justify\">Possui ensino fundamental (2018) e m\u00e9dio (2021) pela Escola Sesi Linhares. Concluiu um curso de Jovem Aprendiz em Mec\u00e2nico de Manuten\u00e7\u00e3o de M\u00e1quinas Industriais (2022) pelo Servi\u00e7o Nacional de Aprendizagem Industrial. Atualmente, cursa gradua\u00e7\u00e3o em Biomedicina no Instituto Federal do Esp\u00edrito Santo Campus Vila Velha. Al\u00e9m disso, atua como Diretor de Marketing e Mercado da BiomES Jr., a empresa j\u00fanior de biomedicina do Esp\u00edrito Santo.<\/p>\r\n<p style=\"text-align: justify\">Curr\u00edculo lattes:\u00a0<a href=\"http:\/\/lattes.cnpq.br\/7264765143728819\" target=\"_blank\" rel=\"noopener\">http:\/\/lattes.cnpq.br\/7264765143728819<\/a><\/p>\r\n<p>&nbsp;<\/p>\r\n<p><strong>Thayn<\/strong><strong>ara Vivaldi Natividade<\/strong><\/p>\r\n<p><img loading=\"lazy\" decoding=\"async\" class=\"wp-image-1276 size-thumbnail alignleft\" src=\"https:\/\/site.ifes.edu.br\/cmvv\/wp-content\/uploads\/sites\/19\/2024\/10\/WhatsApp-Image-2024-10-31-at-16.36.39-150x150.jpeg\" alt=\"\" width=\"150\" height=\"150\" srcset=\"https:\/\/site.ifes.edu.br\/cmvv\/wp-content\/uploads\/sites\/19\/2024\/10\/WhatsApp-Image-2024-10-31-at-16.36.39-150x150.jpeg 150w, https:\/\/site.ifes.edu.br\/cmvv\/wp-content\/uploads\/sites\/19\/2024\/10\/WhatsApp-Image-2024-10-31-at-16.36.39-100x100.jpeg 100w\" sizes=\"(max-width: 150px) 100vw, 150px\" \/><\/p>\r\n<p style=\"text-align: justify\">Discente de Licenciatura em Qu\u00edmica no Instituto Federal do Espirito Santo &#8211; IFES campus Vila Velha e estudante de Fonoaudiologia Bacharelado na Universidade de Vila Velha &#8211; UVV. Bolsista de Inicia\u00e7\u00e3o Cient\u00edfica e Tecnol\u00f3gica das Ci\u00eancias Forenses.<\/p>\r\n<p style=\"text-align: justify\">Curr\u00edculo lattes:\u00a0<a href=\"http:\/\/lattes.cnpq.br\/8379281855007663\" target=\"_blank\" rel=\"noopener\">http:\/\/lattes.cnpq.br\/8379281855007663<\/a><\/p>\r\n<p>&nbsp;<\/p>\r\n<p><strong>Yanna Lee de Souza Ramos<\/strong><\/p>\r\n<p><img loading=\"lazy\" decoding=\"async\" class=\"wp-image-1278 size-thumbnail alignleft\" src=\"https:\/\/site.ifes.edu.br\/cmvv\/wp-content\/uploads\/sites\/19\/2024\/10\/WhatsApp-Image-2024-10-31-at-16.36.54-150x150.jpeg\" alt=\"\" width=\"150\" height=\"150\" srcset=\"https:\/\/site.ifes.edu.br\/cmvv\/wp-content\/uploads\/sites\/19\/2024\/10\/WhatsApp-Image-2024-10-31-at-16.36.54-150x150.jpeg 150w, https:\/\/site.ifes.edu.br\/cmvv\/wp-content\/uploads\/sites\/19\/2024\/10\/WhatsApp-Image-2024-10-31-at-16.36.54-100x100.jpeg 100w\" sizes=\"(max-width: 150px) 100vw, 150px\" \/><\/p>\r\n<p style=\"text-align: justify\">Possui forma\u00e7\u00e3o t\u00e9cnica em Biotecnologia pelo Instituto Federal de Educa\u00e7\u00e3o, Ci\u00eancia e Tecnologia do Esp\u00edrito Santo (2017). Atuou como t\u00e9cnica de laborat\u00f3rio na \u00e1rea de Anatomia Patol\u00f3gica, adquirindo ampla experi\u00eancia pr\u00e1tica (2017-2023). Atualmente, cursa o quarto per\u00edodo do Bacharelado em Biomedicina no Instituto Federal de Educa\u00e7\u00e3o, Ci\u00eancia e Tecnologia do Esp\u00edrito Santo. Integra o Centro Multiusu\u00e1rio para o Desenvolvimento Tecnol\u00f3gico e Inova\u00e7\u00e3o de Vila Velha (CMVV-IFES), onde faz parte da equipe de Qu\u00edmica Forense, com o projeto de Inicia\u00e7\u00e3o Cient\u00edfica, intitulado &#8220;Estudo da presen\u00e7a de adulterantes em leites e derivados por espectroscopia na regi\u00e3o do infravermelho e espectroscopia Raman associada \u00e0 Quimiometria&#8221;, sob orienta\u00e7\u00e3o do Professor Dr. Wanderson Rom\u00e3o, que visa detectar adulterantes em produtos l\u00e1cteos utilizando t\u00e9cnicas avan\u00e7adas de espectroscopia e an\u00e1lise quimiom\u00e9trica.<\/p>\r\n<p style=\"text-align: justify\">Curr\u00edculo lattes:\u00a0<a href=\"http:\/\/lattes.cnpq.br\/1656093592824345\" target=\"_blank\" rel=\"noopener\">http:\/\/lattes.cnpq.br\/1656093592824345<\/a><\/p>\r\n<!-- \/wp:paragraph -->\r\n\r\n<!-- wp:heading --><!-- \/wp:heading -->\r\n\r\n<!-- wp:paragraph --><!-- \/wp:paragraph -->","protected":false},"excerpt":{"rendered":"<p>Adyson Kleyton dos Santos Vieira Graduando em Qu\u00edmica industrial pelo Instituto Federal do Esp\u00edrito Santo (IFES), possui t\u00e9cnico em qu\u00edmica pelo IFES 2020, experi\u00eancia com pesquisa em extra\u00e7\u00e3o e desenvolvimento de materiais com \u00eanfase em desenvolvimento sustent\u00e1vel. Curr\u00edculo lattes:\u00a0http:\/\/lattes.cnpq.br\/8006165614024047 &nbsp; Ana Carolina Co\u00ealho Piffer Estudante de gradua\u00e7\u00e3o em Qu\u00edmica Industrial pelo Instituto Federal do Esp\u00edrito &hellip; <\/p>\n<p class=\"link-more\"><a href=\"https:\/\/site.ifes.edu.br\/cmvv\/iniciacao-cientifica\/\" class=\"more-link\">Continue lendo<span class=\"screen-reader-text\"> &#8220;Inicia\u00e7\u00e3o Cient\u00edfica&#8221;<\/span><\/a><\/p>\n","protected":false},"author":18,"featured_media":0,"parent":0,"menu_order":0,"comment_status":"closed","ping_status":"closed","template":"","meta":{"footnotes":""},"class_list":["post-157","page","type-page","status-publish","hentry"],"_links":{"self":[{"href":"https:\/\/site.ifes.edu.br\/cmvv\/wp-json\/wp\/v2\/pages\/157"}],"collection":[{"href":"https:\/\/site.ifes.edu.br\/cmvv\/wp-json\/wp\/v2\/pages"}],"about":[{"href":"https:\/\/site.ifes.edu.br\/cmvv\/wp-json\/wp\/v2\/types\/page"}],"author":[{"embeddable":true,"href":"https:\/\/site.ifes.edu.br\/cmvv\/wp-json\/wp\/v2\/users\/18"}],"replies":[{"embeddable":true,"href":"https:\/\/site.ifes.edu.br\/cmvv\/wp-json\/wp\/v2\/comments?post=157"}],"version-history":[{"count":40,"href":"https:\/\/site.ifes.edu.br\/cmvv\/wp-json\/wp\/v2\/pages\/157\/revisions"}],"predecessor-version":[{"id":1461,"href":"https:\/\/site.ifes.edu.br\/cmvv\/wp-json\/wp\/v2\/pages\/157\/revisions\/1461"}],"wp:attachment":[{"href":"https:\/\/site.ifes.edu.br\/cmvv\/wp-json\/wp\/v2\/media?parent=157"}],"curies":[{"name":"wp","href":"https:\/\/api.w.org\/{rel}","templated":true}]}}