{"id":117,"date":"2023-03-03T08:31:57","date_gmt":"2023-03-03T11:31:57","guid":{"rendered":"https:\/\/site.ifes.edu.br\/cmvv\/?page_id=117"},"modified":"2024-12-04T12:10:54","modified_gmt":"2024-12-04T15:10:54","slug":"cursos","status":"publish","type":"page","link":"https:\/\/site.ifes.edu.br\/cmvv\/cursos\/","title":{"rendered":"Cursos e Palestras"},"content":{"rendered":"\r\n<h2 class=\"has-text-align-left wp-block-heading\" style=\"text-align: center\"><strong>Palestras<\/strong><\/h2>\r\n<p style=\"text-align: center\"><strong>Low resolution MS applied in Omics Sciences<\/strong><\/p>\r\n<p><img fetchpriority=\"high\" decoding=\"async\" class=\"aligncenter wp-image-1613 size-large\" src=\"https:\/\/site.ifes.edu.br\/cmvv\/wp-content\/uploads\/sites\/19\/2024\/12\/Ibero-MS-2024-724x1024.jpg\" alt=\"\" width=\"525\" height=\"743\" srcset=\"https:\/\/site.ifes.edu.br\/cmvv\/wp-content\/uploads\/sites\/19\/2024\/12\/Ibero-MS-2024-724x1024.jpg 724w, https:\/\/site.ifes.edu.br\/cmvv\/wp-content\/uploads\/sites\/19\/2024\/12\/Ibero-MS-2024-212x300.jpg 212w, https:\/\/site.ifes.edu.br\/cmvv\/wp-content\/uploads\/sites\/19\/2024\/12\/Ibero-MS-2024-768x1086.jpg 768w, https:\/\/site.ifes.edu.br\/cmvv\/wp-content\/uploads\/sites\/19\/2024\/12\/Ibero-MS-2024-1086x1536.jpg 1086w, https:\/\/site.ifes.edu.br\/cmvv\/wp-content\/uploads\/sites\/19\/2024\/12\/Ibero-MS-2024.jpg 1414w\" sizes=\"(max-width: 525px) 100vw, 525px\" \/><\/p>\r\n<p style=\"text-align: center\">4th Iberoamerican Conference on Mass Spectrometry (Foz do Igua\u00e7u\/PR)<\/p>\r\n<p>&nbsp;<\/p>\r\n<p style=\"text-align: center\"><strong>Explorando a Qu\u00edmica Forense: Ferramentas e M\u00e9todos Anal\u00edticos com Foco em Sensores, Metodologias e Instrumenta\u00e7\u00e3o.<\/strong><\/p>\r\n<p><img decoding=\"async\" class=\"wp-image-1602 size-large aligncenter\" src=\"https:\/\/site.ifes.edu.br\/cmvv\/wp-content\/uploads\/sites\/19\/2024\/11\/banner-47RASBQ-1024x368.jpg\" alt=\"\" width=\"525\" height=\"189\" srcset=\"https:\/\/site.ifes.edu.br\/cmvv\/wp-content\/uploads\/sites\/19\/2024\/11\/banner-47RASBQ-1024x368.jpg 1024w, https:\/\/site.ifes.edu.br\/cmvv\/wp-content\/uploads\/sites\/19\/2024\/11\/banner-47RASBQ-300x108.jpg 300w, https:\/\/site.ifes.edu.br\/cmvv\/wp-content\/uploads\/sites\/19\/2024\/11\/banner-47RASBQ-768x276.jpg 768w, https:\/\/site.ifes.edu.br\/cmvv\/wp-content\/uploads\/sites\/19\/2024\/11\/banner-47RASBQ.jpg 1200w\" sizes=\"(max-width: 525px) 100vw, 525px\" \/><\/p>\r\n<p style=\"text-align: center\">47\u00aa Reuni\u00e3o Anual da Sociedade Brasileira de Qu\u00edmica (hotel Monte Real em \u00c1guas de Lind\u00f3ia\/SP).<\/p>\r\n<p>&nbsp;<\/p>\r\n<p style=\"text-align: center\"><strong>Desvendando Cenas de Crime: Potencial Forense dos Microvest\u00edgios<\/strong><\/p>\r\n\r\n\r\n\r\n\r\n\r\n\r\n\r\n\r\n\r\n\r\n\r\n\r\n\r\n\r\n\r\n<p style=\"text-align: center\"><img decoding=\"async\" class=\"alignnone wp-image-1605 size-large\" src=\"https:\/\/site.ifes.edu.br\/cmvv\/wp-content\/uploads\/sites\/19\/2024\/11\/WhatsApp-Image-2023-03-02-at-08.16.26-576x1024.jpeg\" alt=\"\" width=\"525\" height=\"933\" srcset=\"https:\/\/site.ifes.edu.br\/cmvv\/wp-content\/uploads\/sites\/19\/2024\/11\/WhatsApp-Image-2023-03-02-at-08.16.26-576x1024.jpeg 576w, https:\/\/site.ifes.edu.br\/cmvv\/wp-content\/uploads\/sites\/19\/2024\/11\/WhatsApp-Image-2023-03-02-at-08.16.26-169x300.jpeg 169w, https:\/\/site.ifes.edu.br\/cmvv\/wp-content\/uploads\/sites\/19\/2024\/11\/WhatsApp-Image-2023-03-02-at-08.16.26-768x1365.jpeg 768w, https:\/\/site.ifes.edu.br\/cmvv\/wp-content\/uploads\/sites\/19\/2024\/11\/WhatsApp-Image-2023-03-02-at-08.16.26-864x1536.jpeg 864w, https:\/\/site.ifes.edu.br\/cmvv\/wp-content\/uploads\/sites\/19\/2024\/11\/WhatsApp-Image-2023-03-02-at-08.16.26.jpeg 900w\" sizes=\"(max-width: 525px) 100vw, 525px\" \/><\/p>\r\n<p style=\"text-align: center\">CMVV em parceria com o INCT-Forense\u00a0 promoveu uma palestra online apresentada por<strong> Samara Alves Testoni.<\/strong><\/p>\r\n<p>&nbsp;<\/p>\r\n<h2 class=\"wp-block-heading\" style=\"text-align: center\"><strong>Cursos <\/strong><\/h2>\r\n\r\n\r\n\r\n<p style=\"text-align: center\">Em breve!<\/p>\r\n","protected":false},"excerpt":{"rendered":"<p>Palestras Low resolution MS applied in Omics Sciences 4th Iberoamerican Conference on Mass Spectrometry (Foz do Igua\u00e7u\/PR) &nbsp; Explorando a Qu\u00edmica Forense: Ferramentas e M\u00e9todos Anal\u00edticos com Foco em Sensores, Metodologias e Instrumenta\u00e7\u00e3o. 47\u00aa Reuni\u00e3o Anual da Sociedade Brasileira de Qu\u00edmica (hotel Monte Real em \u00c1guas de Lind\u00f3ia\/SP). &nbsp; Desvendando Cenas de Crime: Potencial Forense &hellip; <\/p>\n<p class=\"link-more\"><a href=\"https:\/\/site.ifes.edu.br\/cmvv\/cursos\/\" class=\"more-link\">Continue lendo<span class=\"screen-reader-text\"> &#8220;Cursos e Palestras&#8221;<\/span><\/a><\/p>\n","protected":false},"author":18,"featured_media":0,"parent":0,"menu_order":0,"comment_status":"closed","ping_status":"closed","template":"","meta":{"footnotes":""},"class_list":["post-117","page","type-page","status-publish","hentry"],"_links":{"self":[{"href":"https:\/\/site.ifes.edu.br\/cmvv\/wp-json\/wp\/v2\/pages\/117"}],"collection":[{"href":"https:\/\/site.ifes.edu.br\/cmvv\/wp-json\/wp\/v2\/pages"}],"about":[{"href":"https:\/\/site.ifes.edu.br\/cmvv\/wp-json\/wp\/v2\/types\/page"}],"author":[{"embeddable":true,"href":"https:\/\/site.ifes.edu.br\/cmvv\/wp-json\/wp\/v2\/users\/18"}],"replies":[{"embeddable":true,"href":"https:\/\/site.ifes.edu.br\/cmvv\/wp-json\/wp\/v2\/comments?post=117"}],"version-history":[{"count":15,"href":"https:\/\/site.ifes.edu.br\/cmvv\/wp-json\/wp\/v2\/pages\/117\/revisions"}],"predecessor-version":[{"id":1615,"href":"https:\/\/site.ifes.edu.br\/cmvv\/wp-json\/wp\/v2\/pages\/117\/revisions\/1615"}],"wp:attachment":[{"href":"https:\/\/site.ifes.edu.br\/cmvv\/wp-json\/wp\/v2\/media?parent=117"}],"curies":[{"name":"wp","href":"https:\/\/api.w.org\/{rel}","templated":true}]}}