{"id":115,"date":"2023-03-03T08:31:57","date_gmt":"2023-03-03T11:31:57","guid":{"rendered":"https:\/\/site.ifes.edu.br\/cmvv\/?page_id=115"},"modified":"2024-11-11T11:06:55","modified_gmt":"2024-11-11T14:06:55","slug":"patentes","status":"publish","type":"page","link":"https:\/\/site.ifes.edu.br\/cmvv\/patentes\/","title":{"rendered":"Patentes"},"content":{"rendered":"\r\n<figure class=\"wp-block-table is-style-stripes\">\r\n<table class=\"has-subtle-pale-green-background-color has-background\">\r\n<thead>\r\n<tr>\r\n<th class=\"has-text-align-center\" style=\"text-align: center\" data-align=\"center\"><strong>Patente<\/strong><\/th>\r\n<th class=\"has-text-align-center\" data-align=\"center\"><strong>Ano<\/strong><\/th>\r\n<\/tr>\r\n<\/thead>\r\n<tbody>\r\n<tr>\r\n<td class=\"has-text-align-center\" style=\"text-align: justify\" data-align=\"center\">\r\n<p style=\"text-align: center\">RIBEIRO, R. I. M. A.; SOUZA, I. B. S.; ALVES, C. M. S.; CHAGAS, R. C. R.; SANTOS, H. B.; ROMAO, W.; OLIVEIRA, A. G. S.; ROCHA, M. A.; THOME, R. G. <strong>USO DE CONSTITUINTES DA PARTI\u00c7\u00c3O ACETATO DE ETILA (01ID) E A FRA\u00c7\u00c3O 01ID-F2 DA TAPIRIRA GUIANENSIS COMO ANTITUMORAL<\/strong>. 2023, Brasil.<\/p>\r\n<p>Patente: Privil\u00e9gio de Inova\u00e7\u00e3o. N\u00famero do registro: BR10202301569, t\u00edtulo: &#8220;USO DE CONSTITUINTES DA PARTI\u00c7\u00c3O ACETATO DE ETILA (01ID) E A FRA\u00c7\u00c3O 01ID-F2 DA TAPIRIRA GUIANENSIS COMO ANTITUMORAL&#8221;, Institui\u00e7\u00e3o de registro: INPI &#8211; Instituto Nacional da Propriedade Industrial. Dep\u00f3sito: 04\/08\/2023<\/p>\r\n<\/td>\r\n<td class=\"has-text-align-center\" data-align=\"center\">2023<\/td>\r\n<\/tr>\r\n<tr>\r\n<td class=\"has-text-align-center\" style=\"text-align: justify\" data-align=\"center\">\r\n<p style=\"text-align: center\">Rom\u00e3o, W.; REIS, J. Z. <strong>MICRODISPOSITIVO DE PAPEL E M\u00c9TODO PARA IDENTIFICA\u00c7\u00c3O E QUANTIFICA\u00c7\u00c3O QU\u00cdMICA EM AN\u00c1LISES FORENSES<\/strong>. 2020, Brasil.<\/p>\r\n<p>Patente: Privil\u00e9gio de Inova\u00e7\u00e3o. N\u00famero do registro: BR10202002325, t\u00edtulo: &#8220;MICRODISPOSITIVO DE PAPEL E M\u00c9TODO PARA IDENTIFICA\u00c7\u00c3O E QUANTIFICA\u00c7\u00c3O QU\u00cdMICA EM AN\u00c1LISES FORENSES&#8221;, Institui\u00e7\u00e3o de registro: INPI &#8211; Instituto Nacional da Propriedade Industrial. Dep\u00f3sito: 13\/11\/2020<\/p>\r\n<\/td>\r\n<td class=\"has-text-align-center\" data-align=\"center\">2020<\/td>\r\n<\/tr>\r\n<tr>\r\n<td class=\"has-text-align-center\" style=\"text-align: justify\" data-align=\"center\">\r\n<p style=\"text-align: center\">Rom\u00e3o, W.;\u00a0Junior, V. L.\u00a0; MACRINO, C. J. ;\u00a0C. NETO, A.\u00a0; BORGES, A. S. . <strong>COMPLEXO DE EUR\u00d3PIO (III) COMO SENSOR LUMINESCENTE PARA Pb2+ E CONTROLE DE QUALIDADE DE COMBUST\u00cdVEIS<\/strong>. 2020, Brasil.<\/p>\r\n<p>Patente: Privil\u00e9gio de Inova\u00e7\u00e3o. N\u00famero do registro: BR10202002452, t\u00edtulo: &#8220;COMPLEXO DE EUR\u00d3PIO (III) COMO SENSOR LUMINESCENTE PARA Pb2+ E CONTROLE DE QUALIDADE DE COMBUST\u00cdVEIS&#8221;, Institui\u00e7\u00e3o de registro: INPI &#8211; Instituto Nacional da Propriedade Industrial. Dep\u00f3sito: 30\/11\/2020<\/p>\r\n<\/td>\r\n<td class=\"has-text-align-center\" data-align=\"center\">2020<\/td>\r\n<\/tr>\r\n<tr>\r\n<td class=\"has-text-align-center\" style=\"text-align: justify\" data-align=\"center\">\r\n<p style=\"text-align: center\">Jr, Valdemar Lacerda; BARROS, E. V.;\u00a0C. NETO, A.;\u00a0Rom\u00e3o, W.; M. S. SAD, CRISTINA; FILGUEIRAS, P. R.;\u00a0Castro, E.V.R.; CHINELATTO JUNIOR, L. S.; BERTELLI, J. N.; CARVALHO, R. M.<strong> M\u00c9TODO DE ISOLAMENTO DE \u00c1CIDOS ARN A PARTIR DE DEP\u00d3SITOS DE NAFTENATOS<\/strong>. 2020, Brasil.<\/p>\r\n<p>Patente: Privil\u00e9gio de Inova\u00e7\u00e3o. N\u00famero do registro: BR1020200251058, t\u00edtulo: &#8220;M\u00c9TODO DE ISOLAMENTO DE \u00c1CIDOS ARN A PARTIR DE DEP\u00d3SITOS DE NAFTENATOS&#8221;, Institui\u00e7\u00e3o de registro: INPI &#8211; Instituto Nacional da Propriedade Industrial. Dep\u00f3sito: 09\/12\/2020<\/p>\r\n<\/td>\r\n<td class=\"has-text-align-center\" data-align=\"center\">2020<\/td>\r\n<\/tr>\r\n<tr>\r\n<td class=\"has-text-align-center\" style=\"text-align: justify\" data-align=\"center\">\r\n<p style=\"text-align: center\">CONSTANTINO, A. F.;\u00a0ROMAN, D. C. C.;\u00a0SANTOS, R. B.;\u00a0QUEIROZ JUNIOR, L. H. K.;\u00a0COLNAGO, L. A.;\u00a0CUNHA NETO, \u00c1LVARO;\u00a0BARBOSA, L. L.;\u00a0ROM\u00c3O, W.;\u00a0DE CASTRO E. V. R.;\u00a0FILGUEIRAS, P. R.;\u00a0SAD, C. M. S.;\u00a0LACERDA JR., VALDEMAR.\u00a0<strong>M\u00c9TODO QUIMIOM\u00c9TRICO CONSTRU\u00cdDO COM DADOS DE RMN DE BAIXO CAMPO PARA DETERMINA\u00c7\u00c3O DE PROPRIEDADES F\u00cdSICO- QU\u00cdMICAS DE BIODIESEL E BLENDAS<\/strong>. 2019, Brasil.<\/p>\r\n<p>Patente: Privil\u00e9gio de Inova\u00e7\u00e3o. N\u00famero do registro: BR1020190243716, t\u00edtulo: &#8220;M\u00c9TODO QUIMIOM\u00c9TRICO CONSTRU\u00cdDO COM DADOS DE RMN DE BAIXO CAMPO PARA DETERMINA\u00c7\u00c3O DE PROPRIEDADES F\u00cdSICO- QU\u00cdMICAS DE BIODIESEL E BLENDAS&#8221;, Institui\u00e7\u00e3o de registro: INPI &#8211; Instituto Nacional da Propriedade Industrial. Dep\u00f3sito: 19\/11\/2019<\/p>\r\n<\/td>\r\n<td class=\"has-text-align-center\" data-align=\"center\">2019<\/td>\r\n<\/tr>\r\n<tr>\r\n<td class=\"has-text-align-center\" style=\"text-align: justify\" data-align=\"center\">\r\n<p style=\"text-align: center\">RIBEIRO, R. I. M. A.; GOMES, I. N. F.; JUNQUEIRA, J. G. M.; SEVERINO, V. G. P.; OLIVEIRA, R. J.; SAITO, V. A. O. S.; ROSA, M. N.; REIS, R. M. V.; VITAL, P. S.; ROM\u00c3O, W.; OLIVEIRA, B. G. ; SANTOS, F. V.; BARBOSA, M. C. S. <strong>APLICA\u00c7\u00c3O DE FRA\u00c7\u00d5ES ENRIQUECIDAS DO EXTRATO DE FOLHAS DE Annona coriacea Mart. COMO MODULADORAS DA MORTE CELULAR EM LINHAGENS DE C\u00c9LULAS GINECOL\u00d3GICAS CaSki, HeLa e SiHa<\/strong>. 2019, Brasil.<\/p>\r\n<p>Patente: Privil\u00e9gio de Inova\u00e7\u00e3o. N\u00famero do registro: BR1020190092440, t\u00edtulo: &#8220;APLICA\u00c7\u00c3O DE FRA\u00c7\u00d5ES ENRIQUECIDAS DO EXTRATO DE FOLHAS DE Annona coriacea Mart. COMO MODULADORAS DA MORTE CELULAR EM LINHAGENS DE C\u00c9LULAS GINECOL\u00d3GICAS CaSki, HeLa e SiHa&#8221;, Institui\u00e7\u00e3o de registro: INPI &#8211; Instituto Nacional da Propriedade Industrial. Dep\u00f3sito PCT: 07\/05\/2019<\/p>\r\n<\/td>\r\n<td class=\"has-text-align-center\" data-align=\"center\">2019<\/td>\r\n<\/tr>\r\n<tr>\r\n<td class=\"has-text-align-center\" style=\"text-align: justify\" data-align=\"center\">\r\n<p style=\"text-align: center\">RIBEIRO, R. I. M. A.; SILVA, A. G.; OLIVEIRA, R. J. S.; ROM\u00c3O, W.; SANTOS, H. ; SILVA, V. A. O. ; REIS, R. M. V. <strong>Uso da fra\u00e7\u00e3o MCc1 derivada da esp\u00e9cie Miconia chamissois Naudin como antitumoral em tumor do Sistema Nervoso Central. <\/strong>2019, Brasil.<\/p>\r\n<p>Patente: Privil\u00e9gio de Inova\u00e7\u00e3o. N\u00famero do registro: BR1020190092432, t\u00edtulo: &#8220;Uso da fra\u00e7\u00e3o MCc1 derivada da esp\u00e9cie Miconia chamissois Naudin como antitumoral em tumor do Sistema Nervoso Central&#8221;, Institui\u00e7\u00e3o de registro: INPI &#8211; Instituto Nacional da Propriedade Industrial. Dep\u00f3sito PCT: 07\/05\/2019<\/p>\r\n<\/td>\r\n<td class=\"has-text-align-center\" data-align=\"center\">2019<\/td>\r\n<\/tr>\r\n<tr>\r\n<td class=\"has-text-align-center\" style=\"text-align: justify\" data-align=\"center\">\r\n<p style=\"text-align: center\">VAZ, B. G.; DOMINGOS, E; MARTIN, L.; ROM\u00c3O, W.; BROETTO, V. C. <strong>DISPOSITIVO PARA IONIZA\u00c7\u00c3O AMBIENTE NA ESPECTROMETRIA DE MASSAS<\/strong>. 2018, Brasil.<\/p>\r\n<p>Patente: Privil\u00e9gio de Inova\u00e7\u00e3o. N\u00famero do registro: BR10201800235, t\u00edtulo: &#8220;DISPOSITIVO PARA IONIZA\u00c7\u00c3O AMBIENTE NA ESPECTROMETRIA DE MASSAS&#8221;, Institui\u00e7\u00e3o de registro: INPI &#8211; Instituto Nacional da Propriedade Industrial. Dep\u00f3sito: 02\/02\/2018<\/p>\r\n<\/td>\r\n<td class=\"has-text-align-center\" data-align=\"center\">2018<\/td>\r\n<\/tr>\r\n<tr>\r\n<td class=\"has-text-align-center\" style=\"text-align: justify\" data-align=\"center\">\r\n<p style=\"text-align: center\">ROSA, THALLES; FILGUEIRAS, P. R.; LIMA, K. M. G.; MORAES, C.; ROM\u00c3O, W. <strong>REDGIM<\/strong>. 2018.<\/p>\r\n<p>Patente: Programa de Computador. N\u00famero do registro: 512018001100-4, data de registro: 01\/02\/2018, t\u00edtulo: &#8220;REDGIM&#8221;, Institui\u00e7\u00e3o de registro: INPI &#8211; Instituto Nacional da Propriedade Industrial.<\/p>\r\n<\/td>\r\n<td class=\"has-text-align-center\" data-align=\"center\">2018<\/td>\r\n<\/tr>\r\n<tr>\r\n<td class=\"has-text-align-center\" style=\"text-align: justify\" data-align=\"center\">\r\n<p style=\"text-align: center\">ROMAO, WANDERSON; VAZ, B. G.; DOMINGOS, E; BORGES, K. B.; PEGORETTI, V. C. B.; LAZZARI, L. M. <strong>DISPOSITIVO PARA IONIZA\u00c7\u00c3O AMBIENTE NO EQUIPAMENTO DE ESPECTROMETRIA DE MASSAS.<\/strong> 2018, Brasil.<\/p>\r\n<p>Patente: Desenho Industrial. N\u00famero do registro: BR302018001640-8, data de registro: 24\/04\/2018, t\u00edtulo: &#8220;DISPOSITIVO PARA IONIZA\u00c7\u00c3O AMBIENTE NO EQUIPAMENTO DE ESPECTROMETRIA DE MASSAS&#8221;, Institui\u00e7\u00e3o de registro: INPI &#8211; Instituto Nacional da Propriedade Industrial. Institui\u00e7\u00e3o(\u00f5es) financiadora(s): Ifes; UFES; UFSJ.<\/p>\r\n<\/td>\r\n<td class=\"has-text-align-center\" data-align=\"center\">2018<\/td>\r\n<\/tr>\r\n<\/tbody>\r\n<\/table>\r\n<\/figure>\r\n\r\n<p>&nbsp;<\/p>\r\n<!-- \/wp:group -->","protected":false},"excerpt":{"rendered":"<p>Patente Ano RIBEIRO, R. I. M. A.; SOUZA, I. B. S.; ALVES, C. M. S.; CHAGAS, R. C. R.; SANTOS, H. B.; ROMAO, W.; OLIVEIRA, A. G. S.; ROCHA, M. A.; THOME, R. G. USO DE CONSTITUINTES DA PARTI\u00c7\u00c3O ACETATO DE ETILA (01ID) E A FRA\u00c7\u00c3O 01ID-F2 DA TAPIRIRA GUIANENSIS COMO ANTITUMORAL. 2023, Brasil. Patente: &hellip; <\/p>\n<p class=\"link-more\"><a href=\"https:\/\/site.ifes.edu.br\/cmvv\/patentes\/\" class=\"more-link\">Continue lendo<span class=\"screen-reader-text\"> &#8220;Patentes&#8221;<\/span><\/a><\/p>\n","protected":false},"author":18,"featured_media":0,"parent":0,"menu_order":0,"comment_status":"closed","ping_status":"closed","template":"","meta":{"footnotes":""},"class_list":["post-115","page","type-page","status-publish","hentry"],"_links":{"self":[{"href":"https:\/\/site.ifes.edu.br\/cmvv\/wp-json\/wp\/v2\/pages\/115"}],"collection":[{"href":"https:\/\/site.ifes.edu.br\/cmvv\/wp-json\/wp\/v2\/pages"}],"about":[{"href":"https:\/\/site.ifes.edu.br\/cmvv\/wp-json\/wp\/v2\/types\/page"}],"author":[{"embeddable":true,"href":"https:\/\/site.ifes.edu.br\/cmvv\/wp-json\/wp\/v2\/users\/18"}],"replies":[{"embeddable":true,"href":"https:\/\/site.ifes.edu.br\/cmvv\/wp-json\/wp\/v2\/comments?post=115"}],"version-history":[{"count":20,"href":"https:\/\/site.ifes.edu.br\/cmvv\/wp-json\/wp\/v2\/pages\/115\/revisions"}],"predecessor-version":[{"id":1575,"href":"https:\/\/site.ifes.edu.br\/cmvv\/wp-json\/wp\/v2\/pages\/115\/revisions\/1575"}],"wp:attachment":[{"href":"https:\/\/site.ifes.edu.br\/cmvv\/wp-json\/wp\/v2\/media?parent=115"}],"curies":[{"name":"wp","href":"https:\/\/api.w.org\/{rel}","templated":true}]}}