{"id":113,"date":"2023-03-03T08:31:57","date_gmt":"2023-03-03T11:31:57","guid":{"rendered":"https:\/\/site.ifes.edu.br\/cmvv\/?page_id=113"},"modified":"2023-03-17T10:46:48","modified_gmt":"2023-03-17T13:46:48","slug":"producao-cientifica","status":"publish","type":"page","link":"https:\/\/site.ifes.edu.br\/cmvv\/producao-cientifica\/","title":{"rendered":"Produ\u00e7\u00e3o Cient\u00edfica"},"content":{"rendered":"\n<p>O CMVV &#8211; IFES tem sua produ\u00e7\u00e3o cientifica elaborada em parcerias pelos discentes, docentes e colaboradores,  gerando conhecimento atrav\u00e9s da pesquisa, que s\u00e3o divulgadas por meio de eventos cient\u00edfico, artigos e revistas.   <\/p>\n","protected":false},"excerpt":{"rendered":"<p>O CMVV &#8211; IFES tem sua produ\u00e7\u00e3o cientifica elaborada em parcerias pelos discentes, docentes e colaboradores, gerando conhecimento atrav\u00e9s da pesquisa, que s\u00e3o divulgadas por meio de eventos cient\u00edfico, artigos e revistas.<\/p>\n","protected":false},"author":18,"featured_media":0,"parent":0,"menu_order":0,"comment_status":"closed","ping_status":"closed","template":"","meta":{"footnotes":""},"class_list":["post-113","page","type-page","status-publish","hentry"],"_links":{"self":[{"href":"https:\/\/site.ifes.edu.br\/cmvv\/wp-json\/wp\/v2\/pages\/113"}],"collection":[{"href":"https:\/\/site.ifes.edu.br\/cmvv\/wp-json\/wp\/v2\/pages"}],"about":[{"href":"https:\/\/site.ifes.edu.br\/cmvv\/wp-json\/wp\/v2\/types\/page"}],"author":[{"embeddable":true,"href":"https:\/\/site.ifes.edu.br\/cmvv\/wp-json\/wp\/v2\/users\/18"}],"replies":[{"embeddable":true,"href":"https:\/\/site.ifes.edu.br\/cmvv\/wp-json\/wp\/v2\/comments?post=113"}],"version-history":[{"count":3,"href":"https:\/\/site.ifes.edu.br\/cmvv\/wp-json\/wp\/v2\/pages\/113\/revisions"}],"predecessor-version":[{"id":536,"href":"https:\/\/site.ifes.edu.br\/cmvv\/wp-json\/wp\/v2\/pages\/113\/revisions\/536"}],"wp:attachment":[{"href":"https:\/\/site.ifes.edu.br\/cmvv\/wp-json\/wp\/v2\/media?parent=113"}],"curies":[{"name":"wp","href":"https:\/\/api.w.org\/{rel}","templated":true}]}}