{"id":112,"date":"2023-03-03T08:31:57","date_gmt":"2023-03-03T11:31:57","guid":{"rendered":"https:\/\/site.ifes.edu.br\/cmvv\/?page_id=112"},"modified":"2024-11-11T10:19:01","modified_gmt":"2024-11-11T13:19:01","slug":"projetos","status":"publish","type":"page","link":"https:\/\/site.ifes.edu.br\/cmvv\/projetos\/","title":{"rendered":"Projetos"},"content":{"rendered":"\r\n<figure class=\"wp-block-table is-style-stripes\">\r\n<table class=\"has-subtle-pale-green-background-color has-background\">\r\n<thead>\r\n<tr>\r\n<th class=\"has-text-align-center\" data-align=\"center\"><strong> T\u00edtulo do projeto <\/strong><\/th>\r\n<th class=\"has-text-align-center\" data-align=\"center\"><strong> Ag\u00eancia de fomento <\/strong><\/th>\r\n<th class=\"has-text-align-center\" data-align=\"center\"><strong> Per\u00edodo de execu\u00e7\u00e3o <\/strong><\/th>\r\n<\/tr>\r\n<\/thead>\r\n<tbody>\r\n<tr>\r\n<td class=\"has-text-align-center\" data-align=\"center\">Infraestrutura para Estudo de Caracteriza\u00e7\u00e3o e do Envelhecimento do Asfalto, Agrega\u00e7\u00e3o de Asfaltenos<\/td>\r\n<td class=\"has-text-align-center\" data-align=\"center\">CENPES<\/td>\r\n<td class=\"has-text-align-center\" data-align=\"center\"><br \/>2023 &#8211; Atual <\/td>\r\n<\/tr>\r\n<tr>\r\n<td class=\"has-text-align-center\" data-align=\"center\">Desenvolvimento do N\u00facleo de Excel\u00eancia em Ci\u00eancias Forenses e Qu\u00edmica dos Alimentos do Esp\u00edrito Santo<\/td>\r\n<td class=\"has-text-align-center\" data-align=\"center\">FAPES<\/td>\r\n<td class=\"has-text-align-center\" data-align=\"center\"><br \/>2023 &#8211; Atual <\/td>\r\n<\/tr>\r\n<tr>\r\n<td class=\"has-text-align-center\" data-align=\"center\">Centro de Excel\u00eancia em Ci\u00eancias Forenses e Qu\u00edmica dos Alimentos do Esp\u00edrito Santo<\/td>\r\n<td class=\"has-text-align-center\" data-align=\"center\">CNPq<\/td>\r\n<td class=\"has-text-align-center\" data-align=\"center\"><br \/>2023 &#8211; Atual <\/td>\r\n<\/tr>\r\n<tr>\r\n<td class=\"has-text-align-center\" data-align=\"center\">Estudo do Envelhecimento do Asfalto, Agrega\u00e7\u00e3o de Asfaltenos e Resinas, Naftenatos e Caracteriza\u00e7\u00e3o de Materiais Lignocelul\u00f3sicos por RMN, FT-ICR MS e Quimiometria<\/td>\r\n<td class=\"has-text-align-center\" data-align=\"center\">CENPES<\/td>\r\n<td class=\"has-text-align-center\" data-align=\"center\"><br \/>2019 &#8211; 2022 <\/td>\r\n<\/tr>\r\n<tr>\r\n<td class=\"has-text-align-center\" data-align=\"center\">Simplificando o Controle da Qualidade de Produtos Aliment\u00edcios Usando Equipamentos de Alta Resolu\u00e7\u00e3o (FTMS e RMN) e Port\u00e1teis (FTIR e Raman)<\/td>\r\n<td class=\"has-text-align-center\" data-align=\"center\">FAPES<\/td>\r\n<td class=\"has-text-align-center\" data-align=\"center\">2019 &#8211; 2021 <\/td>\r\n<\/tr>\r\n<tr>\r\n<td class=\"has-text-align-center\" data-align=\"center\">MALDI IMAGE MS Aplicado a Qu\u00edmica Forense<\/td>\r\n<td class=\"has-text-align-center\" data-align=\"center\">CNPq<\/td>\r\n<td class=\"has-text-align-center\" data-align=\"center\">2019 &#8211; 2021 <\/td>\r\n<\/tr>\r\n<tr>\r\n<td class=\"has-text-align-center\" data-align=\"center\">Imageamento por Espectrometria de Massas (MALDI Imaging) Aplicado \u00e0 Ci\u00eancias Forenses<\/td>\r\n<td class=\"has-text-align-center\" data-align=\"center\">FAPES<\/td>\r\n<td class=\"has-text-align-center\" data-align=\"center\">2019 &#8211; 2021 <\/td>\r\n<\/tr>\r\n<tr>\r\n<td class=\"has-text-align-center\" data-align=\"center\">Laborat\u00f3rio de Petrole\u00f4mica e Forense: Fortalecimento da Rotina Laboratorial em an\u00e1lises de Espectrometria de Massas, ensaios de corros\u00e3o e Microscopia.<\/td>\r\n<td class=\"has-text-align-center\" data-align=\"center\">FAPES<\/td>\r\n<td class=\"has-text-align-center\" data-align=\"center\">2016 &#8211; 2019 <\/td>\r\n<\/tr>\r\n<tr>\r\n<td class=\"has-text-align-center\" data-align=\"center\">Avalia\u00e7\u00e3o da Qualidade de Caf\u00e9s Org\u00e2nicos em Sistemas Agroflorestais por T\u00e9cnicas Anal\u00edticas Modernas<\/td>\r\n<td class=\"has-text-align-center\" data-align=\"center\">FAPES<\/td>\r\n<td class=\"has-text-align-center\" data-align=\"center\">2016 &#8211; 2019 <\/td>\r\n<\/tr>\r\n<tr>\r\n<td class=\"has-text-align-center\" data-align=\"center\">Desenvolvimento de Novos M\u00e9todos Anal\u00edticos em Ci\u00eancias Forenses<\/td>\r\n<td class=\"has-text-align-center\" data-align=\"center\">FAPES<\/td>\r\n<td class=\"has-text-align-center\" data-align=\"center\">2016 &#8211; 2019 <\/td>\r\n<\/tr>\r\n<tr>\r\n<td class=\"has-text-align-center\" data-align=\"center\">Avalia\u00e7\u00e3o da Taxa de Corros\u00e3o de \u00d3leos do Pr\u00e9-Sal e Misturas<\/td>\r\n<td class=\"has-text-align-center\" data-align=\"center\">CENPES<\/td>\r\n<td class=\"has-text-align-center\" data-align=\"center\">2015 &#8211; 2018 <\/td>\r\n<\/tr>\r\n<tr>\r\n<td class=\"has-text-align-center\" data-align=\"center\">Interc\u00e2mbio Cient\u00edfico e de Forma\u00e7\u00e3o de Recursos Humanos entre as Universidades Federais do Esp\u00edrito Santo (UFES), Goi\u00e1s (UFG) e do Rio Grande do Sul (UFRGS) com a Pol\u00edcia Federal do Rio Grande do Sul.<\/td>\r\n<td class=\"has-text-align-center\" data-align=\"center\">CAPES<\/td>\r\n<td class=\"has-text-align-center\" data-align=\"center\">2015 &#8211; 2018 <\/td>\r\n<\/tr>\r\n<tr>\r\n<td class=\"has-text-align-center\" data-align=\"center\">T\u00e9cnicas Anal\u00edticas Avan\u00e7adas para An\u00e1lise de Res\u00edduos de Tiros e Drogas Sint\u00e9ticas (Designer Drugs)<\/td>\r\n<td class=\"has-text-align-center\" data-align=\"center\">CNPq<\/td>\r\n<td class=\"has-text-align-center\" data-align=\"center\">2014 &#8211; 2017 <\/td>\r\n<\/tr>\r\n<tr>\r\n<td class=\"has-text-align-center\" data-align=\"center\">(Controle de Qualidade ao N\u00edvel Molecular de Frutas Capixabas e seus Res\u00edduos Agroindustriais por Espectrometria de Massas de Alt\u00edssima Resolu\u00e7\u00e3o (FT- ICR MS)<\/td>\r\n<td class=\"has-text-align-center\" data-align=\"center\">FAPES<\/td>\r\n<td class=\"has-text-align-center\" data-align=\"center\">2014 &#8211; 2017 <\/td>\r\n<\/tr>\r\n<tr>\r\n<td class=\"has-text-align-center\" data-align=\"center\">Desenvolvimento de Novos M\u00e9todos Anal\u00edticos Aplicados a Rotina Forense Policial<\/td>\r\n<td class=\"has-text-align-center\" data-align=\"center\">FAPES<\/td>\r\n<td class=\"has-text-align-center\" data-align=\"center\">2014 &#8211; 2017 <\/td>\r\n<\/tr>\r\n<tr>\r\n<td class=\"has-text-align-center\" data-align=\"center\">Caracteriza\u00e7\u00e3o de Asfaltenos e Parafinas por Espectrometria de Massas de Alt\u00edssima Resolu\u00e7\u00e3o e Exatid\u00e3o (FT-ICR MS)<\/td>\r\n<td class=\"has-text-align-center\" data-align=\"center\">CENPES<\/td>\r\n<td class=\"has-text-align-center\" data-align=\"center\">2013 &#8211; 2016 <\/td>\r\n<\/tr>\r\n<\/tbody>\r\n<\/table>\r\n<\/figure>\r\n","protected":false},"excerpt":{"rendered":"<p>T\u00edtulo do projeto Ag\u00eancia de fomento Per\u00edodo de execu\u00e7\u00e3o Infraestrutura para Estudo de Caracteriza\u00e7\u00e3o e do Envelhecimento do Asfalto, Agrega\u00e7\u00e3o de Asfaltenos CENPES 2023 &#8211; Atual Desenvolvimento do N\u00facleo de Excel\u00eancia em Ci\u00eancias Forenses e Qu\u00edmica dos Alimentos do Esp\u00edrito Santo FAPES 2023 &#8211; Atual Centro de Excel\u00eancia em Ci\u00eancias Forenses e Qu\u00edmica dos Alimentos &hellip; <\/p>\n<p class=\"link-more\"><a href=\"https:\/\/site.ifes.edu.br\/cmvv\/projetos\/\" class=\"more-link\">Continue lendo<span class=\"screen-reader-text\"> &#8220;Projetos&#8221;<\/span><\/a><\/p>\n","protected":false},"author":18,"featured_media":0,"parent":0,"menu_order":0,"comment_status":"closed","ping_status":"closed","template":"","meta":{"footnotes":""},"class_list":["post-112","page","type-page","status-publish","hentry"],"_links":{"self":[{"href":"https:\/\/site.ifes.edu.br\/cmvv\/wp-json\/wp\/v2\/pages\/112"}],"collection":[{"href":"https:\/\/site.ifes.edu.br\/cmvv\/wp-json\/wp\/v2\/pages"}],"about":[{"href":"https:\/\/site.ifes.edu.br\/cmvv\/wp-json\/wp\/v2\/types\/page"}],"author":[{"embeddable":true,"href":"https:\/\/site.ifes.edu.br\/cmvv\/wp-json\/wp\/v2\/users\/18"}],"replies":[{"embeddable":true,"href":"https:\/\/site.ifes.edu.br\/cmvv\/wp-json\/wp\/v2\/comments?post=112"}],"version-history":[{"count":11,"href":"https:\/\/site.ifes.edu.br\/cmvv\/wp-json\/wp\/v2\/pages\/112\/revisions"}],"predecessor-version":[{"id":1566,"href":"https:\/\/site.ifes.edu.br\/cmvv\/wp-json\/wp\/v2\/pages\/112\/revisions\/1566"}],"wp:attachment":[{"href":"https:\/\/site.ifes.edu.br\/cmvv\/wp-json\/wp\/v2\/media?parent=112"}],"curies":[{"name":"wp","href":"https:\/\/api.w.org\/{rel}","templated":true}]}}